{"id":8908,"date":"2023-04-22T11:15:09","date_gmt":"2023-04-22T16:15:09","guid":{"rendered":"https:\/\/niva10.com\/accueil\/"},"modified":"2025-12-05T14:18:37","modified_gmt":"2025-12-05T20:18:37","slug":"accueil","status":"publish","type":"page","link":"https:\/\/niva10.com\/fr\/","title":{"rendered":"Accueil"},"content":{"rendered":"<p>[et_pb_section fb_built=\u00a0\u00bb1&Prime; _builder_version=\u00a0\u00bb4.27.4&Prime; _module_preset=\u00a0\u00bbdefault\u00a0\u00bb background_color=\u00a0\u00bbrgba(255,255,255,0.5)\u00a0\u00bb background_image=\u00a0\u00bbhttps:\/\/niva10.com\/wp-content\/uploads\/2025\/02\/AdobeStock_283017482.jpeg\u00a0\u00bb background_blend=\u00a0\u00bboverlay\u00a0\u00bb global_colors_info=\u00a0\u00bb{}\u00a0\u00bb][et_pb_row _builder_version=\u00a0\u00bb4.27.4&Prime; _module_preset=\u00a0\u00bbdefault\u00a0\u00bb global_colors_info=\u00a0\u00bb{}\u00a0\u00bb][et_pb_column type=\u00a0\u00bb4_4&Prime; _builder_version=\u00a0\u00bb4.27.4&Prime; _module_preset=\u00a0\u00bbdefault\u00a0\u00bb global_colors_info=\u00a0\u00bb{}\u00a0\u00bb][et_pb_text _builder_version=\u00a0\u00bb4.27.4&Prime; _module_preset=\u00a0\u00bbdefault\u00a0\u00bb header_font=\u00a0\u00bb|800||on|||||\u00a0\u00bb header_text_color=\u00a0\u00bb#05475C\u00a0\u00bb header_font_size=\u00a0\u00bb60px\u00a0\u00bb global_colors_info=\u00a0\u00bb{}\u00a0\u00bb]<\/p>\n<h1>Bienvenue \u00e0 Niv\u00e510<\/h1>\n<p>[\/et_pb_text][et_pb_text module_class=\u00a0\u00bbheader-title\u00a0\u00bb _builder_version=\u00a0\u00bb4.27.4&Prime; _module_preset=\u00a0\u00bbdefault\u00a0\u00bb header_2_font=\u00a0\u00bb&#8211;et_global_body_font|300|on||||||\u00a0\u00bb header_2_text_color=\u00a0\u00bb#05475C\u00a0\u00bb header_2_font_size=\u00a0\u00bb40px\u00a0\u00bb custom_css_free_form=\u00a0\u00bb.header-title h2{font-weight:300!important;}\u00a0\u00bb global_colors_info=\u00a0\u00bb{}\u00a0\u00bb]<\/p>\n<h2>Chez Niv\u00e510, nous accompagnons les entreprises dans leur croissance, nous pr\u00e9parons des transitions d\u2019affaires r\u00e9ussies et nous ouvrons la voie \u00e0 la rel\u00e8ve entrepreneuriale..<\/h2>\n<p>[\/et_pb_text][et_pb_button button_url=\u00a0\u00bbhttps:\/\/api.leadconnectorhq.com\/widget\/booking\/QI8RTTFW0ATtYIpLZd6l\u00a0\u00bb url_new_window=\u00a0\u00bbon\u00a0\u00bb button_text=\u00a0\u00bbCommencez \u00e0 d\u00e9velopper votre entreprise d\u00e8s aujourd&rsquo;hui\u00a0\u00bb _builder_version=\u00a0\u00bb4.27.5&Prime; _module_preset=\u00a0\u00bbdefault\u00a0\u00bb custom_button=\u00a0\u00bbon\u00a0\u00bb button_text_size=\u00a0\u00bb16px\u00a0\u00bb button_text_color=\u00a0\u00bb#ffffff\u00a0\u00bb button_bg_color=\u00a0\u00bb#F1592C\u00a0\u00bb button_border_width=\u00a0\u00bb0px\u00a0\u00bb button_border_radius=\u00a0\u00bb0px\u00a0\u00bb button_font=\u00a0\u00bb|||on|||||\u00a0\u00bb button_icon=\u00a0\u00bb&#x5a;||divi||400&Prime; global_colors_info=\u00a0\u00bb{}\u00a0\u00bb][\/et_pb_button][\/et_pb_column][\/et_pb_row][\/et_pb_section][et_pb_section fb_built=\u00a0\u00bb1&Prime; _builder_version=\u00a0\u00bb4.27.4&Prime; _module_preset=\u00a0\u00bbdefault\u00a0\u00bb background_color=\u00a0\u00bb#F1592C\u00a0\u00bb custom_padding=\u00a0\u00bb20px||20px||true|false\u00a0\u00bb global_colors_info=\u00a0\u00bb{}\u00a0\u00bb][et_pb_row _builder_version=\u00a0\u00bb4.27.4&Prime; _module_preset=\u00a0\u00bbdefault\u00a0\u00bb global_colors_info=\u00a0\u00bb{}\u00a0\u00bb][et_pb_column type=\u00a0\u00bb4_4&Prime; _builder_version=\u00a0\u00bb4.27.4&Prime; _module_preset=\u00a0\u00bbdefault\u00a0\u00bb global_colors_info=\u00a0\u00bb{}\u00a0\u00bb][et_pb_text _builder_version=\u00a0\u00bb4.27.4&Prime; _module_preset=\u00a0\u00bbdefault\u00a0\u00bb text_orientation=\u00a0\u00bbcenter\u00a0\u00bb background_layout=\u00a0\u00bbdark\u00a0\u00bb width=\u00a0\u00bb60%\u00a0\u00bb width_tablet=\u00a0\u00bb60%\u00a0\u00bb width_phone=\u00a0\u00bb60%\u00a0\u00bb width_last_edited=\u00a0\u00bbon|phone\u00a0\u00bb module_alignment=\u00a0\u00bbcenter\u00a0\u00bb global_colors_info=\u00a0\u00bb{}\u00a0\u00bb]<\/p>\n<h2>Nous cr\u00e9ons des entreprises pour r\u00e9ussir.<\/h2>\n<p>Chez Niv\u00e510, tout ce que nous faisons est centr\u00e9 sur vous et votre entreprise. Nous comprenons les d\u00e9fis auxquels vous \u00eates confront\u00e9s et nous sommes l\u00e0 pour vous aider \u00e0 les surmonter. Qu&rsquo;il s&rsquo;agisse d&rsquo;\u00e9liminer les obstacles, de simplifier les op\u00e9rations ou de fournir clart\u00e9 et direction, notre objectif est de vous permettre d&rsquo;atteindre vos buts. Votre r\u00e9ussite est le moteur de notre passion, et nous nous engageons \u00e0 fournir des r\u00e9sultats qui comptent pour vous.   <\/p>\n<p>[\/et_pb_text][\/et_pb_column][\/et_pb_row][\/et_pb_section][et_pb_section fb_built=\u00a0\u00bb1&Prime; _builder_version=\u00a0\u00bb4.27.4&Prime; _module_preset=\u00a0\u00bbdefault\u00a0\u00bb custom_padding=\u00a0\u00bb10px||10px||true|false\u00a0\u00bb global_colors_info=\u00a0\u00bb{}\u00a0\u00bb][et_pb_row column_structure=\u00a0\u00bb2_3,1_3&Prime; use_custom_gutter=\u00a0\u00bbon\u00a0\u00bb gutter_width=\u00a0\u00bb1&Prime; make_equal=\u00a0\u00bbon\u00a0\u00bb _builder_version=\u00a0\u00bb4.27.4&Prime; _module_preset=\u00a0\u00bbdefault\u00a0\u00bb width=\u00a0\u00bb90%\u00a0\u00bb global_colors_info=\u00a0\u00bb{}\u00a0\u00bb][et_pb_column type=\u00a0\u00bb2_3&Prime; _builder_version=\u00a0\u00bb4.27.4&Prime; _module_preset=\u00a0\u00bbdefault\u00a0\u00bb custom_padding=\u00a0\u00bb|15px|||false|false\u00a0\u00bb custom_css_main_element=\u00a0\u00bbdisplay:flex;||flex-direction: row;||align-items:center!important;\u00a0\u00bb border_width_right=\u00a0\u00bb1px\u00a0\u00bb border_color_right=\u00a0\u00bb#D1D1D1&Prime; global_colors_info=\u00a0\u00bb{}\u00a0\u00bb][et_pb_text ul_type=\u00a0\u00bbnone\u00a0\u00bb module_class=\u00a0\u00bbwhy-niva\u00a0\u00bb _builder_version=\u00a0\u00bb4.27.4&Prime; _module_preset=\u00a0\u00bbdefault\u00a0\u00bb text_font=\u00a0\u00bb||||||||\u00a0\u00bb text_text_color=\u00a0\u00bb#0A1417&Prime; link_font=\u00a0\u00bb||on||on||||\u00a0\u00bb link_text_color=\u00a0\u00bb#2D7A91&Prime; header_2_font=\u00a0\u00bb|700||on|||||\u00a0\u00bb header_2_text_color=\u00a0\u00bb#05475C\u00a0\u00bb header_2_font_size=\u00a0\u00bb63px\u00a0\u00bb header_2_line_height=\u00a0\u00bb1.2em\u00a0\u00bb header_3_text_color=\u00a0\u00bb#F1592C\u00a0\u00bb header_3_font_size=\u00a0\u00bb18px\u00a0\u00bb text_orientation=\u00a0\u00bbcenter\u00a0\u00bb custom_css_main_element=\u00a0\u00bbflex:2;\u00a0\u00bb custom_css_free_form=\u00a0\u00bb.why-niva h2 {margin-bottom:15px;}\u00a0\u00bb global_colors_info=\u00a0\u00bb{}\u00a0\u00bb]<\/p>\n<h2>POURQUOI choisir<br \/> Niv\u00c510 ?<\/h2>\n<h3>Une approche ax\u00e9e sur les r\u00e9sultats<\/h3>\n<p>Nous nous concentrons sur des strat\u00e9gies et des outils qui produisent des r\u00e9sultats r\u00e9els et mesurables.<\/p>\n<h3>Solutions sur mesure<\/h3>\n<p>Chaque entreprise est unique, tout comme le sont nos recommandations.<\/p>\n<h3>Plate-forme Niv\u00e5Connex<\/h3>\n<p>Un outil puissant pour automatiser, optimiser et rationaliser vos processus d&rsquo;entreprise.  <a href=\"https:\/\/subscribe.niva10.com\/home-page-5273\" target=\"_blank\" rel=\"noopener\">Voir Niv\u00e5Connex<\/a><\/p>\n<p>[\/et_pb_text][et_pb_image src=\u00a0\u00bbhttps:\/\/niva10.com\/wp-content\/uploads\/2025\/02\/laptop-info-nivaconnex.png\u00a0\u00bb title_text=\u00a0\u00bbordinateur portable-info-nivaconnex\u00a0\u00bb _builder_version=\u00a0\u00bb4.27.4&Prime; _module_preset=\u00a0\u00bbdefault\u00a0\u00bb width=\u00a0\u00bb100%\u00a0\u00bb custom_css_main_element=\u00a0\u00bbflex:2;||align-self:flex-end;\u00a0\u00bb global_colors_info=\u00a0\u00bb{}\u00a0\u00bb][\/et_pb_image][\/et_pb_column][et_pb_column type=\u00a0\u00bb1_3&Prime; _builder_version=\u00a0\u00bb4.27.4&Prime; _module_preset=\u00a0\u00bbdefault\u00a0\u00bb background_enable_color=\u00a0\u00bboff\u00a0\u00bb custom_padding=\u00a0\u00bb|||15px|false|false\u00a0\u00bb custom_css_main_element=\u00a0\u00bbmargin:auto;\u00a0\u00bb border_color_left=\u00a0\u00bb#D1D1D1&Prime; global_colors_info=\u00a0\u00bb{}\u00a0\u00bb][et_pb_text ul_type=\u00a0\u00bbnone\u00a0\u00bb module_class=\u00a0\u00bbdif-niva\u00a0\u00bb _builder_version=\u00a0\u00bb4.27.4&Prime; _module_preset=\u00a0\u00bbdefault\u00a0\u00bb text_font=\u00a0\u00bb||||||||\u00a0\u00bb text_text_color=\u00a0\u00bb#0A1417&Prime; text_line_height=\u00a0\u00bb1.5em\u00a0\u00bb link_font=\u00a0\u00bb||on||on||||\u00a0\u00bb link_text_color=\u00a0\u00bb#2D7A91&Prime; header_2_font=\u00a0\u00bb|||on|||||\u00a0\u00bb header_2_text_color=\u00a0\u00bb#05475C\u00a0\u00bb header_2_font_size=\u00a0\u00bb63px\u00a0\u00bb header_3_font=\u00a0\u00bbMarvel|700|on||||||\u00a0\u00bb header_3_text_color=\u00a0\u00bb#05475C\u00a0\u00bb header_3_font_size=\u00a0\u00bb63px\u00a0\u00bb text_orientation=\u00a0\u00bbcenter\u00a0\u00bb custom_css_free_form=\u00a0\u00bb.dif-niva h3{margin-bottom:15px;}||.question {color:#f1592c;font-weight:700;||font-size:18px;}\u00a0\u00bb global_colors_info=\u00a0\u00bb{}\u00a0\u00bb]<\/p>\n<h2>Comment \u00e7a marche<\/h2>\n<p><span class=\"question\">Session de d\u00e9couverte<\/span><br \/>Nous commen\u00e7ons par une consultation gratuite pour comprendre les besoins et les d\u00e9fis de votre entreprise. <a href=\"https:\/\/api.leadconnectorhq.com\/widget\/booking\/QI8RTTFW0ATtYIpLZd6l\" target=\"_blank\" rel=\"noopener\">Planifiez votre session<\/a><\/p>\n<p><span class=\"question\">Feuille de route personnalis\u00e9e<\/span><br \/>Nous \u00e9laborons un plan sur mesure avec des mesures concr\u00e8tes pour atteindre vos objectifs.<\/p>\n<p><span class=\"question\">Mise en \u0153uvre et assistance<\/span><br \/>Que vous ayez besoin de conseils ponctuels ou d&rsquo;une assistance permanente, nous sommes \u00e0 vos c\u00f4t\u00e9s \u00e0 chaque \u00e9tape.<\/p>\n<p>[\/et_pb_text][\/et_pb_column][\/et_pb_row][\/et_pb_section][et_pb_section fb_built=\u00a0\u00bb1&Prime; _builder_version=\u00a0\u00bb4.27.4&Prime; _module_preset=\u00a0\u00bbdefault\u00a0\u00bb background_color=\u00a0\u00bb#E6E6E9&Prime; global_colors_info=\u00a0\u00bb{}\u00a0\u00bb][et_pb_row make_equal=\u00a0\u00bbon\u00a0\u00bb _builder_version=\u00a0\u00bb4.27.4&Prime; _module_preset=\u00a0\u00bbdefault\u00a0\u00bb width=\u00a0\u00bb90%\u00a0\u00bb global_colors_info=\u00a0\u00bb{}\u00a0\u00bb][et_pb_column type=\u00a0\u00bb4_4&Prime; _builder_version=\u00a0\u00bb4.27.4&Prime; _module_preset=\u00a0\u00bbdefault\u00a0\u00bb global_colors_info=\u00a0\u00bb{}\u00a0\u00bb][et_pb_button button_url=\u00a0\u00bbhttps:\/\/api.leadconnectorhq.com\/widget\/booking\/QI8RTTFW0ATtYIpLZd6l\u00a0\u00bb url_new_window=\u00a0\u00bbon\u00a0\u00bb button_text=\u00a0\u00bbPassez \u00e0 l\u2019action d\u00e8s aujourd\u2019hui\u00a0\u00bb button_alignment=\u00a0\u00bbcenter\u00a0\u00bb _builder_version=\u00a0\u00bb4.27.5&Prime; _module_preset=\u00a0\u00bbdefault\u00a0\u00bb custom_button=\u00a0\u00bbon\u00a0\u00bb button_text_size=\u00a0\u00bb16px\u00a0\u00bb button_text_color=\u00a0\u00bb#ffffff\u00a0\u00bb button_bg_color=\u00a0\u00bb#F1592C\u00a0\u00bb button_border_width=\u00a0\u00bb0px\u00a0\u00bb button_border_radius=\u00a0\u00bb0px\u00a0\u00bb button_font=\u00a0\u00bb|||on|||||\u00a0\u00bb button_icon=\u00a0\u00bb&#x5a;||divi||400&Prime; hover_enabled=\u00a0\u00bb0&Prime; global_colors_info=\u00a0\u00bb{}\u00a0\u00bb sticky_enabled=\u00a0\u00bb0&Prime;][\/et_pb_button][\/et_pb_column][\/et_pb_row][\/et_pb_section][et_pb_section fb_built=\u00a0\u00bb1&Prime; _builder_version=\u00a0\u00bb4.27.4&Prime; _module_preset=\u00a0\u00bbdefault\u00a0\u00bb global_colors_info=\u00a0\u00bb{}\u00a0\u00bb][et_pb_row make_equal=\u00a0\u00bbon\u00a0\u00bb _builder_version=\u00a0\u00bb4.27.4&Prime; _module_preset=\u00a0\u00bbdefault\u00a0\u00bb width=\u00a0\u00bb90%\u00a0\u00bb global_colors_info=\u00a0\u00bb{}\u00a0\u00bb][et_pb_column type=\u00a0\u00bb4_4&Prime; _builder_version=\u00a0\u00bb4.27.4&Prime; _module_preset=\u00a0\u00bbdefault\u00a0\u00bb global_colors_info=\u00a0\u00bb{}\u00a0\u00bb][et_pb_text _builder_version=\u00a0\u00bb4.27.2&Prime; _module_preset=\u00a0\u00bbdefault\u00a0\u00bb header_2_text_align=\u00a0\u00bbcenter\u00a0\u00bb global_colors_info=\u00a0\u00bb{}\u00a0\u00bb]<\/p>\n<h2><strong>T\u00e9moignages de clients<\/strong><\/h2>\n<p>[\/et_pb_text][dipl_testimonial_slider show_rating=\u00a0\u00bboff\u00a0\u00bb show_author_image=\u00a0\u00bboff\u00a0\u00bb show_author_designation=\u00a0\u00bboff\u00a0\u00bb show_author_company_name=\u00a0\u00bboff\u00a0\u00bb testimonial_per_slide=\u00a0\u00bb3&Prime; equalize_testimonials_height=\u00a0\u00bbon\u00a0\u00bb slider_loop=\u00a0\u00bbon\u00a0\u00bb testimonial_per_slide_tablet=\u00a0\u00bb2&Prime; testimonial_per_slide_phone=\u00a0\u00bb1&Prime; _builder_version=\u00a0\u00bb4.27.4&Prime; _module_preset=\u00a0\u00bbdefault\u00a0\u00bb body_font=\u00a0\u00bb||on||||||\u00a0\u00bb global_colors_info=\u00a0\u00bb{}\u00a0\u00bb][\/dipl_testimonial_slider][\/et_pb_column][\/et_pb_row][\/et_pb_section]<\/p>\n","protected":false},"excerpt":{"rendered":"<p>Bienvenue \u00e0 Niv\u00e510Chez Niv\u00e510, nous accompagnons les entreprises dans leur croissance, nous pr\u00e9parons des transitions d\u2019affaires r\u00e9ussies et nous ouvrons la voie \u00e0 la rel\u00e8ve entrepreneuriale..Nous cr\u00e9ons des entreprises pour r\u00e9ussir. Chez Niv\u00e510, tout ce que nous faisons est centr\u00e9 sur vous et votre entreprise. Nous comprenons les d\u00e9fis auxquels vous \u00eates confront\u00e9s et nous [&hellip;]<\/p>\n","protected":false},"author":1,"featured_media":0,"parent":0,"menu_order":1,"comment_status":"closed","ping_status":"closed","template":"","meta":{"_acf_changed":false,"_et_pb_use_builder":"on","_et_pb_old_content":"","_et_gb_content_width":"","footnotes":""},"class_list":["post-8908","page","type-page","status-publish","hentry"],"acf":[],"_links":{"self":[{"href":"https:\/\/niva10.com\/fr\/wp-json\/wp\/v2\/pages\/8908","targetHints":{"allow":["GET"]}}],"collection":[{"href":"https:\/\/niva10.com\/fr\/wp-json\/wp\/v2\/pages"}],"about":[{"href":"https:\/\/niva10.com\/fr\/wp-json\/wp\/v2\/types\/page"}],"author":[{"embeddable":true,"href":"https:\/\/niva10.com\/fr\/wp-json\/wp\/v2\/users\/1"}],"replies":[{"embeddable":true,"href":"https:\/\/niva10.com\/fr\/wp-json\/wp\/v2\/comments?post=8908"}],"version-history":[{"count":4,"href":"https:\/\/niva10.com\/fr\/wp-json\/wp\/v2\/pages\/8908\/revisions"}],"predecessor-version":[{"id":9036,"href":"https:\/\/niva10.com\/fr\/wp-json\/wp\/v2\/pages\/8908\/revisions\/9036"}],"wp:attachment":[{"href":"https:\/\/niva10.com\/fr\/wp-json\/wp\/v2\/media?parent=8908"}],"curies":[{"name":"wp","href":"https:\/\/api.w.org\/{rel}","templated":true}]}}