{"id":8917,"date":"2023-04-22T11:15:09","date_gmt":"2023-04-22T16:15:09","guid":{"rendered":"https:\/\/niva10.com\/etudes-de-cas\/"},"modified":"2025-12-05T10:11:04","modified_gmt":"2025-12-05T16:11:04","slug":"etudes-de-cas","status":"publish","type":"page","link":"https:\/\/niva10.com\/fr\/etudes-de-cas\/","title":{"rendered":"\u00c9tudes de cas"},"content":{"rendered":"<p>[et_pb_section fb_built=\u00a0\u00bb1&Prime; _builder_version=\u00a0\u00bb4.27.4&Prime; _module_preset=\u00a0\u00bbdefault\u00a0\u00bb background_color=\u00a0\u00bbrgba(255,255,255,0.5)\u00a0\u00bb background_image=\u00a0\u00bbhttps:\/\/niva10.com\/wp-content\/uploads\/2023\/04\/Porfolio-scaled.jpg\u00a0\u00bb background_blend=\u00a0\u00bboverlay\u00a0\u00bb hover_enabled=\u00a0\u00bb0&Prime; global_colors_info=\u00a0\u00bb{}\u00a0\u00bb locked=\u00a0\u00bboff\u00a0\u00bb title_text=\u00a0\u00bbPorfolio\u00a0\u00bb sticky_enabled=\u00a0\u00bb0&Prime;][et_pb_row _builder_version=\u00a0\u00bb4.27.4&Prime; _module_preset=\u00a0\u00bbdefault\u00a0\u00bb global_colors_info=\u00a0\u00bb{}\u00a0\u00bb theme_builder_area=\u00a0\u00bbpost_content\u00a0\u00bb][et_pb_column type=\u00a0\u00bb4_4&Prime; _builder_version=\u00a0\u00bb4.27.4&Prime; _module_preset=\u00a0\u00bbdefault\u00a0\u00bb global_colors_info=\u00a0\u00bb{}\u00a0\u00bb theme_builder_area=\u00a0\u00bbpost_content\u00a0\u00bb][et_pb_text _builder_version=\u00a0\u00bb4.27.4&Prime; _module_preset=\u00a0\u00bbdefault\u00a0\u00bb header_font=\u00a0\u00bb|800||on|||||\u00a0\u00bb header_text_color=\u00a0\u00bb#05475C\u00a0\u00bb header_font_size=\u00a0\u00bb60px\u00a0\u00bb hover_enabled=\u00a0\u00bb0&Prime; global_colors_info=\u00a0\u00bb{}\u00a0\u00bb theme_builder_area=\u00a0\u00bbpost_content\u00a0\u00bb sticky_enabled=\u00a0\u00bb0&Prime;]<\/p>\n<h1>\u00c9tudes de cas<\/h1>\n<p>[\/et_pb_text][et_pb_text module_class=\u00a0\u00bbheader-title\u00a0\u00bb _builder_version=\u00a0\u00bb4.27.4&Prime; _module_preset=\u00a0\u00bbdefault\u00a0\u00bb text_font=\u00a0\u00bb||on||||||\u00a0\u00bb text_text_color=\u00a0\u00bb#05475C\u00a0\u00bb text_font_size=\u00a0\u00bb30px\u00a0\u00bb text_line_height=\u00a0\u00bb1.2em\u00a0\u00bb header_2_font=\u00a0\u00bb&#8211;et_global_body_font|300|on||||||\u00a0\u00bb header_2_text_color=\u00a0\u00bb#05475C\u00a0\u00bb header_2_font_size=\u00a0\u00bb40px\u00a0\u00bb width=\u00a0\u00bb60%\u00a0\u00bb custom_css_free_form=\u00a0\u00bb.header-title h2{font-weight:300!important;}\u00a0\u00bb global_colors_info=\u00a0\u00bb{}\u00a0\u00bb theme_builder_area=\u00a0\u00bbpost_content\u00a0\u00bb]Chez Niv\u00e510, notre passion est de cr\u00e9er des entreprises. Que vous soyez en phase de d\u00e9marrage ou que vous cherchiez \u00e0 vous d\u00e9velopper, nous sommes l\u00e0 pour vous aider.[\/et_pb_text][\/et_pb_column][\/et_pb_row][\/et_pb_section][et_pb_section fb_built=\u00a0\u00bb1&Prime; _builder_version=\u00a0\u00bb4.20.4&Prime; _module_preset=\u00a0\u00bbdefault\u00a0\u00bb custom_padding=\u00a0\u00bb0px||0px||false|false\u00a0\u00bb locked=\u00a0\u00bboff\u00a0\u00bb global_colors_info=\u00a0\u00bb{}\u00a0\u00bb][et_pb_row make_equal=\u00a0\u00bbon\u00a0\u00bb _builder_version=\u00a0\u00bb4.20.4&Prime; _module_preset=\u00a0\u00bbdefault\u00a0\u00bb width=\u00a0\u00bb100%\u00a0\u00bb max_width=\u00a0\u00bb100%\u00a0\u00bb custom_padding=\u00a0\u00bb0px||0px||false|false\u00a0\u00bb locked=\u00a0\u00bboff\u00a0\u00bb global_colors_info=\u00a0\u00bb{}\u00a0\u00bb][et_pb_column type=\u00a0\u00bb4_4&Prime; _builder_version=\u00a0\u00bb4.20.4&Prime; _module_preset=\u00a0\u00bbdefault\u00a0\u00bb custom_css_main_element=\u00a0\u00bbdisplay:flex;||flex-direction:row;||flex-wrap:wrap;\u00a0\u00bb global_colors_info=\u00a0\u00bb{}\u00a0\u00bb][dipl_flipbox layout1_shake_effect=\u00a0\u00bbon\u00a0\u00bb back_title=\u00a0\u00bbSciMar\u00a0\u00bb front_image=\u00a0\u00bbhttps:\/\/niva10.com\/wp-content\/uploads\/2023\/04\/scimar_logo_white.png\u00a0\u00bb front_background_color=\u00a0\u00bbrgba(10,0,0,0.25)\u00a0\u00bb back_background_color=\u00a0\u00bbrgba(10,0,0,0.5)\u00a0\u00bb content_max_width_last_edited=\u00a0\u00bboff|desktop\u00a0\u00bb flipbox_min_height=\u00a0\u00bb450px\u00a0\u00bb flipbox_min_height_tablet=\u00a0\u00bb350px\u00a0\u00bb flipbox_min_height_phone=\u00a0\u00bb200px\u00a0\u00bb flipbox_min_height_last_edited=\u00a0\u00bbon|phone\u00a0\u00bb front_background_image=\u00a0\u00bbhttps:\/\/niva10.com\/wp-content\/uploads\/2023\/04\/analysis-2030266_1920.jpg\u00a0\u00bb front_background_blend=\u00a0\u00bboverlay\u00a0\u00bb back_background_image=\u00a0\u00bbhttps:\/\/niva10.com\/wp-content\/uploads\/2023\/04\/analysis-2030266_1920.jpg\u00a0\u00bb back_background_blend=\u00a0\u00bboverlay\u00a0\u00bb _builder_version=\u00a0\u00bb4.20.4&Prime; _module_preset=\u00a0\u00bbdefault\u00a0\u00bb back_general_settings_text_align=\u00a0\u00bbcenter\u00a0\u00bb back_header_text_color=\u00a0\u00bb#FFFFFF\u00a0\u00bb custom_margin=\u00a0\u00bb0px||0px||false|false\u00a0\u00bb custom_padding=\u00a0\u00bb||||false|false\u00a0\u00bb custom_css_main_element=\u00a0\u00bbflex-basis:25%;\u00a0\u00bb global_colors_info=\u00a0\u00bb{}\u00a0\u00bb custom_css_main_element_last_edited=\u00a0\u00bbon|phone\u00a0\u00bb custom_css_main_element_tablet=\u00a0\u00bbflex-basis:50%;\u00a0\u00bb custom_css_main_element_phone=\u00a0\u00bbflex-basis:100%;\u00a0\u00bb]<\/p>\n<div class=\"learn-more-button\"><a href=\"https:\/\/niva10.com\/case-studies\/scimar\/\" target=\"_blank\" rel=\"noopener\">En savoir plus<\/a><\/div>\n<p>[\/dipl_flipbox][dipl_flipbox layout1_shake_effect=\u00a0\u00bbon\u00a0\u00bb back_title=\u00a0\u00bbCinDen Nutritionals\u00a0\u00bb front_image=\u00a0\u00bbhttps:\/\/niva10.com\/wp-content\/uploads\/2023\/04\/circle_logo.png\u00a0\u00bb front_background_color=\u00a0\u00bbrgba(10,0,0,0.24)\u00a0\u00bb back_background_color=\u00a0\u00bbrgba(10,0,0,0.5)\u00a0\u00bb content_max_width_last_edited=\u00a0\u00bboff|desktop\u00a0\u00bb flipbox_min_height=\u00a0\u00bb450px\u00a0\u00bb flipbox_min_height_tablet=\u00a0\u00bb350px\u00a0\u00bb flipbox_min_height_phone=\u00a0\u00bb200px\u00a0\u00bb flipbox_min_height_last_edited=\u00a0\u00bbon|phone\u00a0\u00bb front_background_image=\u00a0\u00bbhttps:\/\/niva10.com\/wp-content\/uploads\/2023\/04\/capsule-1079838_640.jpg\u00a0\u00bb front_background_blend=\u00a0\u00bboverlay\u00a0\u00bb back_background_image=\u00a0\u00bbhttps:\/\/niva10.com\/wp-content\/uploads\/2023\/04\/capsule-1079838_640.jpg\u00a0\u00bb back_background_blend=\u00a0\u00bboverlay\u00a0\u00bb _builder_version=\u00a0\u00bb4.20.4&Prime; _module_preset=\u00a0\u00bbdefault\u00a0\u00bb back_general_settings_text_align=\u00a0\u00bbcenter\u00a0\u00bb back_header_text_color=\u00a0\u00bb#FFFFFF\u00a0\u00bb custom_margin=\u00a0\u00bb0px||0px||false|false\u00a0\u00bb custom_css_main_element=\u00a0\u00bbflex-basis:25%;\u00a0\u00bb global_colors_info=\u00a0\u00bb{}\u00a0\u00bb custom_css_main_element_last_edited=\u00a0\u00bbon|phone\u00a0\u00bb custom_css_main_element_tablet=\u00a0\u00bbflex-basis:50%;\u00a0\u00bb custom_css_main_element_phone=\u00a0\u00bbflex-basis:100%;\u00a0\u00bb]<\/p>\n<div class=\"learn-more-button\"><a href=\"https:\/\/niva10.com\/case-studies\/cinden-nutritionals\/\" target=\"_blank\" rel=\"noopener\">En savoir plus<\/a><\/div>\n<p>[\/dipl_flipbox][dipl_flipbox layout1_shake_effect=\u00a0\u00bbon\u00a0\u00bb front_title=\u00a0\u00bbFirst Nordique\u00a0\u00bb back_title=\u00a0\u00bbFirst Nordique \u2013 Outdoor Nature Spa in Manitoba\u00a0\u00bb front_background_color=\u00a0\u00bbrgba(10,0,0,0.25)\u00a0\u00bb back_background_color=\u00a0\u00bbrgba(10,0,0,0.5)\u00a0\u00bb content_max_width_last_edited=\u00a0\u00bboff|desktop\u00a0\u00bb flipbox_min_height=\u00a0\u00bb450px\u00a0\u00bb flipbox_min_height_tablet=\u00a0\u00bb350px\u00a0\u00bb flipbox_min_height_phone=\u00a0\u00bb200px\u00a0\u00bb flipbox_min_height_last_edited=\u00a0\u00bbon|tablet\u00a0\u00bb front_background_image=\u00a0\u00bbhttps:\/\/niva10.com\/wp-content\/uploads\/2023\/04\/4.png\u00a0\u00bb front_background_blend=\u00a0\u00bboverlay\u00a0\u00bb back_background_image=\u00a0\u00bbhttps:\/\/niva10.com\/wp-content\/uploads\/2023\/04\/4.png\u00a0\u00bb back_background_blend=\u00a0\u00bboverlay\u00a0\u00bb _builder_version=\u00a0\u00bb4.20.4&Prime; _module_preset=\u00a0\u00bbdefault\u00a0\u00bb front_header_level=\u00a0\u00bbh3&Prime; front_header_text_color=\u00a0\u00bb#FFFFFF\u00a0\u00bb front_header_font_size=\u00a0\u00bb26px\u00a0\u00bb back_general_settings_text_align=\u00a0\u00bbcenter\u00a0\u00bb back_header_text_color=\u00a0\u00bb#FFFFFF\u00a0\u00bb custom_margin=\u00a0\u00bb0px||0px||false|false\u00a0\u00bb custom_css_main_element=\u00a0\u00bbflex-basis:25%;\u00a0\u00bb global_colors_info=\u00a0\u00bb{}\u00a0\u00bb custom_css_main_element_last_edited=\u00a0\u00bbon|phone\u00a0\u00bb custom_css_main_element_tablet=\u00a0\u00bbflex-basis:50%;\u00a0\u00bb custom_css_main_element_phone=\u00a0\u00bbflex-basis:100%;\u00a0\u00bb]<\/p>\n<div class=\"learn-more-button\"><a href=\"https:\/\/niva10.com\/case-studies\/first-nordique-outdoor-nature-spa-in-manitoba\/\" target=\"_blank\" rel=\"noopener\">En savoir plus<\/a><\/div>\n<p>[\/dipl_flipbox][dipl_flipbox layout1_shake_effect=\u00a0\u00bbon\u00a0\u00bb back_title=\u00a0\u00bbApprentissage Illimit\u00e9 \u2013 Aha Learning\u00a0\u00bb front_image=\u00a0\u00bbhttps:\/\/niva10.com\/wp-content\/uploads\/2023\/04\/aha_Learning_logo_480x.png\u00a0\u00bb front_background_color=\u00a0\u00bbrgba(10,0,0,0.25)\u00a0\u00bb back_background_color=\u00a0\u00bbrgba(10,0,0,0.5)\u00a0\u00bb content_max_width_last_edited=\u00a0\u00bboff|desktop\u00a0\u00bb flipbox_min_height=\u00a0\u00bb450px\u00a0\u00bb flipbox_min_height_tablet=\u00a0\u00bb350px\u00a0\u00bb flipbox_min_height_phone=\u00a0\u00bb200px\u00a0\u00bb flipbox_min_height_last_edited=\u00a0\u00bbon|tablet\u00a0\u00bb front_background_image=\u00a0\u00bbhttps:\/\/niva10.com\/wp-content\/uploads\/2023\/04\/esplanade-riel-bridge-1366683_640.jpg\u00a0\u00bb front_background_blend=\u00a0\u00bboverlay\u00a0\u00bb back_background_image=\u00a0\u00bbhttps:\/\/niva10.com\/wp-content\/uploads\/2023\/04\/esplanade-riel-bridge-1366683_640.jpg\u00a0\u00bb back_background_blend=\u00a0\u00bboverlay\u00a0\u00bb _builder_version=\u00a0\u00bb4.20.4&Prime; _module_preset=\u00a0\u00bbdefault\u00a0\u00bb back_general_settings_text_align=\u00a0\u00bbcenter\u00a0\u00bb back_header_text_color=\u00a0\u00bb#FFFFFF\u00a0\u00bb custom_margin=\u00a0\u00bb0px||0px||false|false\u00a0\u00bb custom_padding=\u00a0\u00bb||||false|false\u00a0\u00bb custom_css_main_element=\u00a0\u00bbflex-basis:25%;\u00a0\u00bb global_colors_info=\u00a0\u00bb{}\u00a0\u00bb custom_css_main_element_last_edited=\u00a0\u00bbon|phone\u00a0\u00bb custom_css_main_element_tablet=\u00a0\u00bbflex-basis:50%;\u00a0\u00bb custom_css_main_element_phone=\u00a0\u00bbflex-basis:100%;\u00a0\u00bb]<\/p>\n<div class=\"learn-more-button\"><a href=\"https:\/\/niva10.com\/case-studies\/apprentissage-illimite-aha-learning\/\" target=\"_blank\" rel=\"noopener\">En savoir plus<\/a><\/div>\n<p>[\/dipl_flipbox][\/et_pb_column][\/et_pb_row][\/et_pb_section]<\/p>\n","protected":false},"excerpt":{"rendered":"<p>\u00c9tudes de casChez Niv\u00e510, notre passion est de cr\u00e9er des entreprises. Que vous soyez en phase de d\u00e9marrage ou que vous cherchiez \u00e0 vous d\u00e9velopper, nous sommes l\u00e0 pour vous aider.<div class=\"et_pb_module dipl_flipbox dipl_flipbox_0\">\n\t\t\t\t\n\t\t\t\t\n\t\t\t\t\n\t\t\t\t\n\t\t\t\t\n\t\t\t\t\n\t\t\t\t<div class=\"et_pb_module_inner\">\n\t\t\t\t\t<div class=\"dipl_flipbox_wrapper layout1\" flip-direction=\"top\">\n\t\t\t\t\t\t<div class=\"flipbox_side flipbox_front flipbox_position_top flipbox_content_center\">\n\t\t\t\t\t\t\t<div class=\"flipbox_inner\"><div class=\"et_pb_main_flipbox_image\"><img decoding=\"async\" src=\"\" alt=\"\"\/><\/div><div class=\"flipbox_front_content_wrapper\"><\/div>\n\t\t\t\t\t\t\t<\/div>\n\t\t\t\t\t\t<\/div>\n\t\t\t\t\t\t<div class=\"flipbox_side flipbox_back flipbox_position_top flipbox_content_center\">\n\t\t\t\t\t\t\t<div class=\"flipbox_inner\"><div class=\"flipbox_back_content_wrapper\"><div class=\"et_pb_flipbox_heading_back\"><h4 class=\"et_pb_module_header\">\u00bbSciMar<\/h4><\/div><\/div>\n\t\t\t\t\t\t\t<\/div>\n\t\t\t\t\t\t<\/div>\n\t\t\t\t\t<\/div>\n\t\t\t\t<\/div>\n\t\t\t<\/div><\/p>\n","protected":false},"author":1,"featured_media":0,"parent":0,"menu_order":4,"comment_status":"closed","ping_status":"closed","template":"","meta":{"_acf_changed":false,"_et_pb_use_builder":"on","_et_pb_old_content":"","_et_gb_content_width":"","footnotes":""},"class_list":["post-8917","page","type-page","status-publish","hentry"],"acf":[],"_links":{"self":[{"href":"https:\/\/niva10.com\/fr\/wp-json\/wp\/v2\/pages\/8917","targetHints":{"allow":["GET"]}}],"collection":[{"href":"https:\/\/niva10.com\/fr\/wp-json\/wp\/v2\/pages"}],"about":[{"href":"https:\/\/niva10.com\/fr\/wp-json\/wp\/v2\/types\/page"}],"author":[{"embeddable":true,"href":"https:\/\/niva10.com\/fr\/wp-json\/wp\/v2\/users\/1"}],"replies":[{"embeddable":true,"href":"https:\/\/niva10.com\/fr\/wp-json\/wp\/v2\/comments?post=8917"}],"version-history":[{"count":2,"href":"https:\/\/niva10.com\/fr\/wp-json\/wp\/v2\/pages\/8917\/revisions"}],"predecessor-version":[{"id":8921,"href":"https:\/\/niva10.com\/fr\/wp-json\/wp\/v2\/pages\/8917\/revisions\/8921"}],"wp:attachment":[{"href":"https:\/\/niva10.com\/fr\/wp-json\/wp\/v2\/media?parent=8917"}],"curies":[{"name":"wp","href":"https:\/\/api.w.org\/{rel}","templated":true}]}}