{"id":8924,"date":"2023-04-22T11:15:09","date_gmt":"2023-04-22T16:15:09","guid":{"rendered":"https:\/\/niva10.com\/contact\/"},"modified":"2025-12-05T14:32:22","modified_gmt":"2025-12-05T20:32:22","slug":"contact","status":"publish","type":"page","link":"https:\/\/niva10.com\/fr\/contact\/","title":{"rendered":"Contact"},"content":{"rendered":"<p>[et_pb_section fb_built=\u00a0\u00bb1&Prime; _builder_version=\u00a0\u00bb4.27.4&Prime; _module_preset=\u00a0\u00bbdefault\u00a0\u00bb background_color=\u00a0\u00bbrgba(255,255,255,0.5)\u00a0\u00bb background_image=\u00a0\u00bbhttps:\/\/niva10.com\/wp-content\/uploads\/2023\/04\/laptop-2617765_1920.jpg\u00a0\u00bb background_blend=\u00a0\u00bboverlay\u00a0\u00bb locked=\u00a0\u00bboff\u00a0\u00bb global_colors_info=\u00a0\u00bb{}\u00a0\u00bb][et_pb_row _builder_version=\u00a0\u00bb4.27.4&Prime; _module_preset=\u00a0\u00bbdefault\u00a0\u00bb global_colors_info=\u00a0\u00bb{}\u00a0\u00bb][et_pb_column type=\u00a0\u00bb4_4&Prime; _builder_version=\u00a0\u00bb4.27.4&Prime; _module_preset=\u00a0\u00bbdefault\u00a0\u00bb global_colors_info=\u00a0\u00bb{}\u00a0\u00bb][et_pb_text _builder_version=\u00a0\u00bb4.27.4&Prime; _module_preset=\u00a0\u00bbdefault\u00a0\u00bb header_font=\u00a0\u00bb|800||on|||||\u00a0\u00bb header_text_color=\u00a0\u00bb#05475C\u00a0\u00bb header_font_size=\u00a0\u00bb60px\u00a0\u00bb global_colors_info=\u00a0\u00bb{}\u00a0\u00bb]<\/p>\n<h1>Contact<\/h1>\n<p>[\/et_pb_text][et_pb_text module_class=\u00a0\u00bbheader-title\u00a0\u00bb _builder_version=\u00a0\u00bb4.27.4&Prime; _module_preset=\u00a0\u00bbdefault\u00a0\u00bb text_font=\u00a0\u00bb||on||||||\u00a0\u00bb text_text_color=\u00a0\u00bb#05475C\u00a0\u00bb text_font_size=\u00a0\u00bb30px\u00a0\u00bb text_line_height=\u00a0\u00bb1.2em\u00a0\u00bb header_2_font=\u00a0\u00bb&#8211;et_global_body_font|300|on||||||\u00a0\u00bb header_2_text_color=\u00a0\u00bb#05475C\u00a0\u00bb header_2_font_size=\u00a0\u00bb40px\u00a0\u00bb width=\u00a0\u00bb60%\u00a0\u00bb custom_css_free_form=\u00a0\u00bb.header-title h2{font-weight:300!important;}\u00a0\u00bb global_colors_info=\u00a0\u00bb{}\u00a0\u00bb]Chez Niv\u00e510, notre passion est de cr\u00e9er des entreprises. Que vous soyez en phase de d\u00e9marrage ou que vous cherchiez \u00e0 vous d\u00e9velopper, nous sommes l\u00e0 pour vous aider.[\/et_pb_text][\/et_pb_column][\/et_pb_row][\/et_pb_section][et_pb_section fb_built=\u00a0\u00bb1&Prime; _builder_version=\u00a0\u00bb4.20.4&Prime; _module_preset=\u00a0\u00bbdefault\u00a0\u00bb global_colors_info=\u00a0\u00bb{}\u00a0\u00bb][et_pb_row column_structure=\u00a0\u00bb1_3,2_3&Prime; _builder_version=\u00a0\u00bb4.20.4&Prime; _module_preset=\u00a0\u00bbdefault\u00a0\u00bb global_colors_info=\u00a0\u00bb{}\u00a0\u00bb][et_pb_column type=\u00a0\u00bb1_3&Prime; _builder_version=\u00a0\u00bb4.20.4&Prime; _module_preset=\u00a0\u00bbdefault\u00a0\u00bb global_colors_info=\u00a0\u00bb{}\u00a0\u00bb][et_pb_image src=\u00a0\u00bbhttps:\/\/niva10.com\/wp-content\/uploads\/2023\/04\/Niva10_2022_Logo_CMYK.png\u00a0\u00bb title_text=\u00a0\u00bbNiva10_2022_Logo_CMYK\u00a0\u00bb _builder_version=\u00a0\u00bb4.20.4&Prime; _module_preset=\u00a0\u00bbdefault\u00a0\u00bb global_colors_info=\u00a0\u00bb{}\u00a0\u00bb][\/et_pb_image][\/et_pb_column][et_pb_column type=\u00a0\u00bb2_3&Prime; _builder_version=\u00a0\u00bb4.20.4&Prime; _module_preset=\u00a0\u00bbdefault\u00a0\u00bb global_colors_info=\u00a0\u00bb{}\u00a0\u00bb][et_pb_text _builder_version=\u00a0\u00bb4.20.4&Prime; _module_preset=\u00a0\u00bbdefault\u00a0\u00bb global_colors_info=\u00a0\u00bb{}\u00a0\u00bb]<\/p>\n<h2>Envoyez-nous un message<\/h2>\n<hr style=\"width: 20%; margin-left: 0; border-top: 2px solid #4e649c;\">[\/et_pb_text][dipl_gravity_form_styler gravity_form_id=\u00a0\u00bbContact\u00a0\u00bb input_text_color=\u00a0\u00bb#000000&Prime; focus_input_text_color=\u00a0\u00bb#000000&Prime; placeholder_text_color=\u00a0\u00bb#000000&Prime; input_bg_color=\u00a0\u00bb#eaeaea\u00a0\u00bb input_focus_bg_color=\u00a0\u00bb#eaeaea\u00a0\u00bb input_custom_padding=\u00a0\u00bb20px||20px|20px|true|false\u00a0\u00bb submit_custom_padding=\u00a0\u00bb10px|20px|10px|20px|true|true\u00a0\u00bb submit_bg_color=\u00a0\u00bbgcid-fa933297-2480-45c9-9a94-bf2dde3e1f7f\u00a0\u00bb disabled_on=\u00a0\u00bbon|on|on\u00a0\u00bb _builder_version=\u00a0\u00bb4.27.4&Prime; _module_preset=\u00a0\u00bbdefault\u00a0\u00bb submit_button_text_font=\u00a0\u00bb|||on|||||\u00a0\u00bb submit_button_text_text_color=\u00a0\u00bb#FFFFFF\u00a0\u00bb border_radii_input=\u00a0\u00bbon|4px|4px|4px|4px\u00a0\u00bb border_color_all_input=\u00a0\u00bb#e6e6e6&Prime; border_radii_submit_button=\u00a0\u00bbon|4px|4px|4px|4px\u00a0\u00bb border_width_all_submit_button=\u00a0\u00bb0px\u00a0\u00bb disabled=\u00a0\u00bbon\u00a0\u00bb global_colors_info=\u00a0\u00bb{%22gcid-fa933297-2480-45c9-9a94-bf2dde3e1f7f%22:%91%22submit_bg_color%22%93}\u00a0\u00bb][\/dipl_gravity_form_styler][et_pb_code _builder_version=\u00a0\u00bb4.27.5&Prime; _module_preset=\u00a0\u00bbdefault\u00a0\u00bb hover_enabled=\u00a0\u00bb0&Prime; global_colors_info=\u00a0\u00bb{}\u00a0\u00bb sticky_enabled=\u00a0\u00bb0&Prime;]<iframe<!-- [et_pb_line_break_holder] -->    src=\u00a0\u00bbhttps:\/\/link.niva10.com\/widget\/form\/pIzIzn5dsT4QTtGomzfk\u00a0\u00bb<!-- [et_pb_line_break_holder] -->    style=\u00a0\u00bbwidth:100%;height:100%;border:none;border-radius:3px\u00a0\u00bb<!-- [et_pb_line_break_holder] -->    id=\u00a0\u00bbinline-pIzIzn5dsT4QTtGomzfk\u00a0\u00bb <!-- [et_pb_line_break_holder] -->    data-layout=\u00a0\u00bb{&lsquo;id&rsquo;:&rsquo;INLINE&rsquo;}\u00a0\u00bb<!-- [et_pb_line_break_holder] -->    data-trigger-type=\u00a0\u00bbalwaysShow\u00a0\u00bb<!-- [et_pb_line_break_holder] -->    data-trigger-value=\u00a0\u00bb\u00a0\u00bb<!-- [et_pb_line_break_holder] -->    data-activation-type=\u00a0\u00bbalwaysActivated\u00a0\u00bb<!-- [et_pb_line_break_holder] -->    data-activation-value=\u00a0\u00bb\u00a0\u00bb<!-- [et_pb_line_break_holder] -->    data-deactivation-type=\u00a0\u00bbneverDeactivate\u00a0\u00bb<!-- [et_pb_line_break_holder] -->    data-deactivation-value=\u00a0\u00bb\u00a0\u00bb<!-- [et_pb_line_break_holder] -->    data-form-name=\u00a0\u00bbContactez Nous\u00a0\u00bb<!-- [et_pb_line_break_holder] -->    data-height=\u00a0\u00bb677&Prime;<!-- [et_pb_line_break_holder] -->    data-layout-iframe-id=\u00a0\u00bbinline-pIzIzn5dsT4QTtGomzfk\u00a0\u00bb<!-- [et_pb_line_break_holder] -->    data-form-id=\u00a0\u00bbpIzIzn5dsT4QTtGomzfk\u00a0\u00bb<!-- [et_pb_line_break_holder] -->    title=\u00a0\u00bbContactez Nous\u00a0\u00bb<!-- [et_pb_line_break_holder] -->        ><!-- [et_pb_line_break_holder] --><\/iframe><!-- [et_pb_line_break_holder] --><script src=\"https:\/\/link.niva10.com\/js\/form_embed.js\"><\/script>[\/et_pb_code][\/et_pb_column][\/et_pb_row][\/et_pb_section]<\/p>\n","protected":false},"excerpt":{"rendered":"<p>ContactChez Niv\u00e510, notre passion est de cr\u00e9er des entreprises. Que vous soyez en phase de d\u00e9marrage ou que vous cherchiez \u00e0 vous d\u00e9velopper, nous sommes l\u00e0 pour vous aider.Envoyez-nous un message <\/p>\n","protected":false},"author":1,"featured_media":0,"parent":0,"menu_order":9,"comment_status":"closed","ping_status":"closed","template":"","meta":{"_acf_changed":false,"_et_pb_use_builder":"on","_et_pb_old_content":"","_et_gb_content_width":"","footnotes":""},"class_list":["post-8924","page","type-page","status-publish","hentry"],"acf":[],"_links":{"self":[{"href":"https:\/\/niva10.com\/fr\/wp-json\/wp\/v2\/pages\/8924","targetHints":{"allow":["GET"]}}],"collection":[{"href":"https:\/\/niva10.com\/fr\/wp-json\/wp\/v2\/pages"}],"about":[{"href":"https:\/\/niva10.com\/fr\/wp-json\/wp\/v2\/types\/page"}],"author":[{"embeddable":true,"href":"https:\/\/niva10.com\/fr\/wp-json\/wp\/v2\/users\/1"}],"replies":[{"embeddable":true,"href":"https:\/\/niva10.com\/fr\/wp-json\/wp\/v2\/comments?post=8924"}],"version-history":[{"count":6,"href":"https:\/\/niva10.com\/fr\/wp-json\/wp\/v2\/pages\/8924\/revisions"}],"predecessor-version":[{"id":9059,"href":"https:\/\/niva10.com\/fr\/wp-json\/wp\/v2\/pages\/8924\/revisions\/9059"}],"wp:attachment":[{"href":"https:\/\/niva10.com\/fr\/wp-json\/wp\/v2\/media?parent=8924"}],"curies":[{"name":"wp","href":"https:\/\/api.w.org\/{rel}","templated":true}]}}