{"id":8952,"date":"2023-04-22T09:55:41","date_gmt":"2023-04-22T14:55:41","guid":{"rendered":"https:\/\/niva10.com\/politique-de-confidentialite\/"},"modified":"2025-12-05T11:04:44","modified_gmt":"2025-12-05T17:04:44","slug":"politique-de-confidentialite","status":"publish","type":"page","link":"https:\/\/niva10.com\/fr\/politique-de-confidentialite\/","title":{"rendered":"Politique de confidentialit\u00e9"},"content":{"rendered":"<p>[et_pb_section fb_built=\u00a0\u00bb1&Prime; _builder_version=\u00a0\u00bb4.16&Prime; global_colors_info=\u00a0\u00bb{}\u00a0\u00bb][et_pb_row _builder_version=\u00a0\u00bb4.16&Prime; background_size=\u00a0\u00bbinitial\u00a0\u00bb background_position=\u00a0\u00bbtop_left\u00a0\u00bb background_repeat=\u00a0\u00bbrepeat\u00a0\u00bb global_colors_info=\u00a0\u00bb{}\u00a0\u00bb][et_pb_column type=\u00a0\u00bb4_4&Prime; _builder_version=\u00a0\u00bb4.16&Prime; custom_padding=\u00a0\u00bb|||\u00a0\u00bb global_colors_info=\u00a0\u00bb{}\u00a0\u00bb custom_padding__hover=\u00a0\u00bb|||\u00a0\u00bb][et_pb_text ol_position=\u00a0\u00bboutside\u00a0\u00bb ol_item_indent=\u00a0\u00bb50px\u00a0\u00bb _builder_version=\u00a0\u00bb4.27.4&Prime; _module_preset=\u00a0\u00bbdefault\u00a0\u00bb ol_font=\u00a0\u00bb||||||||\u00a0\u00bb hover_enabled=\u00a0\u00bb0&Prime; global_colors_info=\u00a0\u00bb{}\u00a0\u00bb sticky_enabled=\u00a0\u00bb0&Prime;]<\/p>\n<h1>Politique de confidentialit\u00e9 de NivaConnex<\/h1>\n<p>Date d&rsquo;entr\u00e9e en vigueur : 3 d\u00e9cembre 2024<\/p>\n<h3>Introduction<\/h3>\n<p>NivaConnex (\u00ab\u00a0nous\u00a0\u00bb, \u00ab\u00a0notre\u00a0\u00bb ou \u00ab\u00a0nos\u00a0\u00bb) accorde une grande importance \u00e0 votre vie priv\u00e9e et s&rsquo;engage \u00e0 prot\u00e9ger vos informations personnelles.<\/p>\n<p>Cette politique de confidentialit\u00e9 explique comment nous collectons, utilisons, divulguons et prot\u00e9geons vos informations lorsque vous utilisez la plateforme et les services de NivaConnex.<\/p>\n<p>En utilisant notre plateforme, vous acceptez les termes de cette politique de confidentialit\u00e9. Si vous n&rsquo;\u00eates pas d&rsquo;accord, veuillez ne pas utiliser NivaConnex. <\/p>\n<ol>\n<h4><\/h4>\n<li>Informations que nous recueillons<\/li>\n<p>Nous pouvons collecter les types d&rsquo;informations suivants :<\/p>\n<ol class=\"letter\">\n<li>Informations personnelles :\n<ol class=\"dash\">\n<li>Nom, adresse \u00e9lectronique, num\u00e9ro de t\u00e9l\u00e9phone et autres coordonn\u00e9es.<\/li>\n<li>Informations relatives \u00e0 la facturation et au paiement des abonnements et des services.<\/li>\n<\/ol>\n<\/li>\n<li>Informations sur le compte :\n<ol class=\"dash\">\n<li>Noms d&rsquo;utilisateur, mots de passe et param\u00e8tres du compte.<\/li>\n<\/ol>\n<\/li>\n<li>Donn\u00e9es d&rsquo;utilisation :\n<ol class=\"dash\">\n<li>Adresses IP, type de navigateur, informations sur l&rsquo;appareil et autres d\u00e9tails techniques.<\/li>\n<li>Donn\u00e9es relatives \u00e0 la mani\u00e8re dont vous utilisez notre plateforme (par exemple, les pages visit\u00e9es, les fonctions consult\u00e9es).<\/li>\n<\/ol>\n<\/li>\n<li>Donn\u00e9es sur les clients :\n<ol class=\"dash\">\n<li>Les donn\u00e9es que vous t\u00e9l\u00e9chargez, fournissez ou traitez par l&rsquo;interm\u00e9diaire de la plateforme NivaConnex (par exemple, les listes de clients, les documents marketing).<\/li>\n<\/ol>\n<\/li>\n<\/ol>\n<h4><\/h4>\n<li>Comment nous utilisons vos informations<\/li>\n<p>Nous utilisons vos informations aux fins suivantes :<\/p>\n<ol class=\"letter\">\n<li>Fonctionnalit\u00e9 de la plate-forme : Fournir, exploiter et maintenir la plateforme NivaConnex.<\/li>\n<li>Soutien \u00e0 la client\u00e8le : R\u00e9pondre aux demandes de renseignements et fournir une assistance technique.<\/li>\n<li>Facturation et transactions : Pour traiter les paiements et g\u00e9rer les comptes.<\/li>\n<li>Marketing et communications : Pour envoyer du mat\u00e9riel promotionnel, des mises \u00e0 jour et des notifications (avec votre consentement).<\/li>\n<li>Am\u00e9lioration : Analyser les habitudes d&rsquo;utilisation et am\u00e9liorer les performances et les fonctionnalit\u00e9s de notre plateforme.<\/li>\n<li>Conformit\u00e9 : Respecter les obligations l\u00e9gales et appliquer nos conditions de service.<\/li>\n<\/ol>\n<h4><\/h4>\n<li>Partage et divulgation d&rsquo;informations<\/li>\n<p>  Nous ne vendons pas vos informations personnelles. Nous pouvons partager vos informations dans les situations suivantes : <\/p>\n<ol class=\"letter\">\n<li>Avec des prestataires de services : Tiers de confiance qui nous aident \u00e0 fournir nos services (par exemple, processeurs de paiement, fournisseurs d&rsquo;analyses).<\/li>\n<li>Obligations l\u00e9gales : Lorsque la loi l&rsquo;exige ou pour r\u00e9pondre \u00e0 des demandes l\u00e9gales.<\/li>\n<li>Transferts d&rsquo;activit\u00e9s : En cas de fusion, d&rsquo;acquisition ou de vente d&rsquo;actifs, vos informations peuvent \u00eatre transf\u00e9r\u00e9es \u00e0 la nouvelle entit\u00e9.<\/li>\n<li>Le consentement : Lorsque vous donnez votre consentement explicite au partage d&rsquo;informations.<\/li>\n<\/ol>\n<h4><\/h4>\n<li>Conservation des donn\u00e9es<\/li>\n<p>Nous conservons vos informations aussi longtemps que n\u00e9cessaire pour fournir des services, nous conformer \u00e0 des obligations l\u00e9gales ou r\u00e9soudre des litiges. Sur demande, nous supprimerons vos informations personnelles conform\u00e9ment aux lois applicables. <\/p>\n<h4><\/h4>\n<li>S\u00e9curit\u00e9 des donn\u00e9es<\/li>\n<p>Nous mettons en \u0153uvre de solides mesures de s\u00e9curit\u00e9 pour prot\u00e9ger vos informations contre tout acc\u00e8s, modification ou divulgation non autoris\u00e9s. Toutefois, aucune m\u00e9thode de transmission ou de stockage \u00e9lectronique n&rsquo;est s\u00fbre \u00e0 100 %. <\/p>\n<h4><\/h4>\n<li>Vos droits<\/li>\n<p>  Vous avez le droit de :<\/p>\n<ol class=\"letter\">\n<li>Acc\u00e9der aux informations personnelles que nous d\u00e9tenons \u00e0 votre sujet et les consulter.<\/li>\n<li>demander des corrections ou des mises \u00e0 jour de vos informations.<\/li>\n<li>Demander la suppression de vos donn\u00e9es, sous r\u00e9serve des exigences l\u00e9gales et op\u00e9rationnelles.<\/li>\n<li>Refuser les communications marketing.<\/li>\n<\/ol>\n<p>  Pour exercer ces droits, veuillez nous contacter \u00e0 l&rsquo;adresse suivante <a href=\"mailto:info@niva10.com\">: info@niva10.com<\/a>.<\/p>\n<h4><\/h4>\n<li>Cookies et technologies de suivi<\/li>\n<p>  Nous utilisons des cookies et des technologies similaires pour am\u00e9liorer l&rsquo;exp\u00e9rience de l&rsquo;utilisateur et analyser les performances de la plateforme. Vous pouvez g\u00e9rer vos pr\u00e9f\u00e9rences en mati\u00e8re de cookies dans les param\u00e8tres de votre navigateur. <\/p>\n<h4><\/h4>\n<li>Liens avec des tiers<\/li>\n<p>  Notre plateforme peut contenir des liens vers des sites web de tiers. Nous ne sommes pas responsables des pratiques de confidentialit\u00e9 ou du contenu de ces sites externes. <\/p>\n<h4><\/h4>\n<li>Transferts internationaux de donn\u00e9es<\/li>\n<p>  Si vous acc\u00e9dez \u00e0 NivaConnex depuis l&rsquo;\u00e9tranger, vos donn\u00e9es peuvent \u00eatre transf\u00e9r\u00e9es et trait\u00e9es dans des pays ayant des lois diff\u00e9rentes en mati\u00e8re de protection des donn\u00e9es.<\/p>\n<h4><\/h4>\n<li>Mises \u00e0 jour de la pr\u00e9sente politique<\/li>\n<p>Nous pouvons mettre \u00e0 jour cette politique de confidentialit\u00e9 pour refl\u00e9ter les changements dans nos pratiques ou les exigences l\u00e9gales. Nous vous encourageons \u00e0 consulter r\u00e9guli\u00e8rement cette politique. <\/p>\n<h4><\/h4>\n<li>Contactez nous<\/li>\n<p>Si vous avez des questions ou des pr\u00e9occupations concernant cette politique de confidentialit\u00e9, veuillez nous contacter :<br \/>\n  Courriel :  <a href=\"mailto:info@niva10.com\">info@niva10.com<\/a>\n\t<\/ol>\n<p>  En utilisant NivaConnex, vous reconnaissez avoir lu et compris la pr\u00e9sente politique de confidentialit\u00e9.<\/p>\n<p><\/body><br \/>\n<\/html><br \/>\n[\/et_pb_text][et_pb_code _builder_version=\u00a0\u00bb4.27.4&Prime; _module_preset=\u00a0\u00bbdefault\u00a0\u00bb hover_enabled=\u00a0\u00bb0&Prime; global_colors_info=\u00a0\u00bb{}\u00a0\u00bb sticky_enabled=\u00a0\u00bb0&Prime;]<\/p>\n<style><!-- [et_pb_line_break_holder] -->  h4{line-height:2em;}<!-- [et_pb_line_break_holder] -->  ol.letter{list-style-type: lower-alpha;<!-- [et_pb_line_break_holder] -->  line-height:2em;}<!-- [et_pb_line_break_holder] -->  ol.dash{list-style-type: square;<!-- [et_pb_line_break_holder] -->  line-height:2em;}<!-- [et_pb_line_break_holder] --><\/style>\n<p>[\/et_pb_code][\/et_pb_column][\/et_pb_row][\/et_pb_section]<\/p>\n","protected":false},"excerpt":{"rendered":"<p>Politique de confidentialit\u00e9 de NivaConnex Date d&rsquo;entr\u00e9e en vigueur : 3 d\u00e9cembre 2024 Introduction NivaConnex (\u00ab\u00a0nous\u00a0\u00bb, \u00ab\u00a0notre\u00a0\u00bb ou \u00ab\u00a0nos\u00a0\u00bb) accorde une grande importance \u00e0 votre vie priv\u00e9e et s&rsquo;engage \u00e0 prot\u00e9ger vos informations personnelles. Cette politique de confidentialit\u00e9 explique comment nous collectons, utilisons, divulguons et prot\u00e9geons vos informations lorsque vous utilisez la plateforme et les [&hellip;]<\/p>\n","protected":false},"author":1,"featured_media":0,"parent":0,"menu_order":0,"comment_status":"closed","ping_status":"open","template":"","meta":{"_acf_changed":false,"_et_pb_use_builder":"on","_et_pb_old_content":"","_et_gb_content_width":"","footnotes":""},"class_list":["post-8952","page","type-page","status-publish","hentry"],"acf":[],"_links":{"self":[{"href":"https:\/\/niva10.com\/fr\/wp-json\/wp\/v2\/pages\/8952","targetHints":{"allow":["GET"]}}],"collection":[{"href":"https:\/\/niva10.com\/fr\/wp-json\/wp\/v2\/pages"}],"about":[{"href":"https:\/\/niva10.com\/fr\/wp-json\/wp\/v2\/types\/page"}],"author":[{"embeddable":true,"href":"https:\/\/niva10.com\/fr\/wp-json\/wp\/v2\/users\/1"}],"replies":[{"embeddable":true,"href":"https:\/\/niva10.com\/fr\/wp-json\/wp\/v2\/comments?post=8952"}],"version-history":[{"count":2,"href":"https:\/\/niva10.com\/fr\/wp-json\/wp\/v2\/pages\/8952\/revisions"}],"predecessor-version":[{"id":8956,"href":"https:\/\/niva10.com\/fr\/wp-json\/wp\/v2\/pages\/8952\/revisions\/8956"}],"wp:attachment":[{"href":"https:\/\/niva10.com\/fr\/wp-json\/wp\/v2\/media?parent=8952"}],"curies":[{"name":"wp","href":"https:\/\/api.w.org\/{rel}","templated":true}]}}