{"id":8967,"date":"2023-04-22T11:15:09","date_gmt":"2023-04-22T16:15:09","guid":{"rendered":"https:\/\/niva10.com\/nivascore\/"},"modified":"2025-12-05T11:31:20","modified_gmt":"2025-12-05T17:31:20","slug":"nivascore","status":"publish","type":"page","link":"https:\/\/niva10.com\/fr\/nivascore\/","title":{"rendered":"Nivascore"},"content":{"rendered":"<p>[et_pb_section fb_built=\u00a0\u00bb1&Prime; _builder_version=\u00a0\u00bb4.20.4&Prime; _module_preset=\u00a0\u00bbdefault\u00a0\u00bb custom_padding=\u00a0\u00bb0px|||||\u00a0\u00bb global_colors_info=\u00a0\u00bb{}\u00a0\u00bb][et_pb_row _builder_version=\u00a0\u00bb4.20.4&Prime; _module_preset=\u00a0\u00bbdefault\u00a0\u00bb global_colors_info=\u00a0\u00bb{}\u00a0\u00bb][et_pb_column type=\u00a0\u00bb4_4&Prime; _builder_version=\u00a0\u00bb4.20.4&Prime; _module_preset=\u00a0\u00bbdefault\u00a0\u00bb global_colors_info=\u00a0\u00bb{}\u00a0\u00bb][et_pb_image src=\u00a0\u00bbhttps:\/\/niva10.com\/wp-content\/uploads\/2023\/04\/NivaScore_2022_CMYK.png\u00a0\u00bb title_text=\u00a0\u00bbNivaScore_2022_CMYK\u00a0\u00bb _builder_version=\u00a0\u00bb4.20.4&Prime; _module_preset=\u00a0\u00bbdefault\u00a0\u00bb width=\u00a0\u00bb35%\u00a0\u00bb module_alignment=\u00a0\u00bbcenter\u00a0\u00bb global_colors_info=\u00a0\u00bb{}\u00a0\u00bb][\/et_pb_image][\/et_pb_column][\/et_pb_row][et_pb_row _builder_version=\u00a0\u00bb4.20.4&Prime; _module_preset=\u00a0\u00bbdefault\u00a0\u00bb background_color=\u00a0\u00bbgcid-fa933297-2480-45c9-9a94-bf2dde3e1f7f\u00a0\u00bb global_colors_info=\u00a0\u00bb{%22gcid-fa933297-2480-45c9-9a94-bf2dde3e1f7f%22:%91%22background_color%22%93}\u00a0\u00bb][et_pb_column type=\u00a0\u00bb4_4&Prime; _builder_version=\u00a0\u00bb4.20.4&Prime; _module_preset=\u00a0\u00bbdefault\u00a0\u00bb global_colors_info=\u00a0\u00bb{}\u00a0\u00bb][et_pb_text _builder_version=\u00a0\u00bb4.20.4&Prime; _module_preset=\u00a0\u00bbdefault\u00a0\u00bb text_orientation=\u00a0\u00bbcenter\u00a0\u00bb background_layout=\u00a0\u00bbdark\u00a0\u00bb global_colors_info=\u00a0\u00bb{}\u00a0\u00bb]<\/p>\n<h2><span>Niv\u00e5score<\/span> Description<\/h2>\n<p data-start=\"260\" data-end=\"399\">Le Niv\u00e5score n&rsquo;est pas un questionnaire de plus &#8211; c&rsquo;est votre point de d\u00e9part pour construire une entreprise plus forte, plus intelligente et plus prosp\u00e8re.<\/p>\n<p data-start=\"401\" data-end=\"743\">\u00c0 l&rsquo;aide d&rsquo;une s\u00e9rie de questions soigneusement con\u00e7ues, nous examinerons de plus pr\u00e8s les domaines cl\u00e9s qui stimulent votre croissance &#8211; les op\u00e9rations, le marketing, les finances, etc. Une fois l&rsquo;\u00e9valuation termin\u00e9e, vous recevrez un aper\u00e7u clair de la situation actuelle de votre entreprise, ainsi que des recommandations pratiques et personnalis\u00e9es pour vous aider \u00e0 atteindre vos objectifs. <\/p>\n<p data-start=\"745\" data-end=\"1007\">Mais nous ne nous arr\u00eatons pas l\u00e0. Apr\u00e8s avoir rempli le questionnaire, vous recevrez \u00e9galement une <strong data-start=\"828\" data-end=\"900\">s\u00e9rie d&rsquo;e-mails contenant des conseils, des informations et des strat\u00e9gies utiles<\/strong> que vous pourrez utiliser imm\u00e9diatement pour am\u00e9liorer votre entreprise, renforcer vos syst\u00e8mes et acc\u00e9l\u00e9rer votre croissance. <\/p>\n<p data-start=\"1009\" data-end=\"1168\">Que vous souhaitiez accro\u00eetre votre efficacit\u00e9, augmenter vos revenus ou clarifier vos prochaines \u00e9tapes, le Niv\u00e5score vous fournit les outils et les conseils n\u00e9cessaires pour y parvenir.<\/p>\n<p>[\/et_pb_text][\/et_pb_column][\/et_pb_row][\/et_pb_section][et_pb_section fb_built=\u00a0\u00bb1&Prime; _builder_version=\u00a0\u00bb4.20.4&Prime; _module_preset=\u00a0\u00bbdefault\u00a0\u00bb custom_padding=\u00a0\u00bb0px|||||\u00a0\u00bb global_colors_info=\u00a0\u00bb{}\u00a0\u00bb][et_pb_row _builder_version=\u00a0\u00bb4.20.4&Prime; _module_preset=\u00a0\u00bbdefault\u00a0\u00bb global_colors_info=\u00a0\u00bb{}\u00a0\u00bb][et_pb_column type=\u00a0\u00bb4_4&Prime; _builder_version=\u00a0\u00bb4.20.4&Prime; _module_preset=\u00a0\u00bbdefault\u00a0\u00bb global_colors_info=\u00a0\u00bb{}\u00a0\u00bb][dipl_gravity_form_styler gravity_form_id=\u00a0\u00bbNivascore\u00a0\u00bb enable_ajax=\u00a0\u00bbon\u00a0\u00bb input_text_color=\u00a0\u00bb#000000&Prime; focus_input_text_color=\u00a0\u00bb#000000&Prime; placeholder_text_color=\u00a0\u00bb#000000&Prime; input_bg_color=\u00a0\u00bb#eaeaea\u00a0\u00bb input_focus_bg_color=\u00a0\u00bb#eaeaea\u00a0\u00bb input_custom_padding=\u00a0\u00bb20px||20px|20px|true|false\u00a0\u00bb submit_custom_padding=\u00a0\u00bb10px|20px|10px|20px|true|true\u00a0\u00bb submit_bg_color=\u00a0\u00bbgcid-fa933297-2480-45c9-9a94-bf2dde3e1f7f\u00a0\u00bb _builder_version=\u00a0\u00bb4.24.2&Prime; _module_preset=\u00a0\u00bbdefault\u00a0\u00bb submit_button_text_font=\u00a0\u00bb|||on|||||\u00a0\u00bb submit_button_text_text_color=\u00a0\u00bb#FFFFFF\u00a0\u00bb display_conditions=\u00a0\u00bbW3siaWQiOiI2Nzc5YmY3MC1jYTE4LTQxMWMtODIzYS02MzM0NmM5YTJmMTAiLCJjb25kaXRpb24iOiJsb2dnZWRJblN0YXR1cyIsImNvbmRpdGlvblNldHRpbmdzIjp7ImRpc3BsYXlSdWxlIjoibG9nZ2VkT3V0IiwiYWRtaW5MYWJlbCI6IkxvZ2dlZCBJbiBTdGF0dXMiLCJlbmFibGVDb25kaXRpb24iOiJvbiJ9LCJvcGVyYXRvciI6Ik9SIn1d\u00a0\u00bb border_radii_input=\u00a0\u00bbon|4px|4px|4px|4px\u00a0\u00bb border_color_all_input=\u00a0\u00bb#e6e6e6&Prime; border_radii_submit_button=\u00a0\u00bbon|4px|4px|4px|4px\u00a0\u00bb border_width_all_submit_button=\u00a0\u00bb0px\u00a0\u00bb global_colors_info=\u00a0\u00bb{%22gcid-fa933297-2480-45c9-9a94-bf2dde3e1f7f%22:%91%22submit_bg_color%22%93}\u00a0\u00bb][\/dipl_gravity_form_styler][dipl_gravity_form_styler gravity_form_id=\u00a0\u00bb9&Prime; enable_ajax=\u00a0\u00bbon\u00a0\u00bb input_text_color=\u00a0\u00bb#000000&Prime; focus_input_text_color=\u00a0\u00bb#000000&Prime; placeholder_text_color=\u00a0\u00bb#000000&Prime; input_bg_color=\u00a0\u00bb#eaeaea\u00a0\u00bb input_focus_bg_color=\u00a0\u00bb#eaeaea\u00a0\u00bb input_custom_padding=\u00a0\u00bb20px||20px|20px|true|false\u00a0\u00bb submit_custom_padding=\u00a0\u00bb10px|20px|10px|20px|true|true\u00a0\u00bb submit_bg_color=\u00a0\u00bbgcid-fa933297-2480-45c9-9a94-bf2dde3e1f7f\u00a0\u00bb _builder_version=\u00a0\u00bb4.24.2&Prime; _module_preset=\u00a0\u00bbdefault\u00a0\u00bb submit_button_text_font=\u00a0\u00bb|||on|||||\u00a0\u00bb submit_button_text_text_color=\u00a0\u00bb#FFFFFF\u00a0\u00bb display_conditions=\u00a0\u00bbW3siaWQiOiI2ZTNkODhkYy0wNDliLTQ1OTMtYmI3Zi02OTIwMTY4YjgzNjciLCJjb25kaXRpb24iOiJsb2dnZWRJblN0YXR1cyIsImNvbmRpdGlvblNldHRpbmdzIjp7ImRpc3BsYXlSdWxlIjoibG9nZ2VkSW4iLCJhZG1pbkxhYmVsIjoiTG9nZ2VkIEluIFN0YXR1cyIsImVuYWJsZUNvbmRpdGlvbiI6Im9uIn0sIm9wZXJhdG9yIjoiT1IifV0=\u00a0\u00bb border_radii_input=\u00a0\u00bbon|4px|4px|4px|4px\u00a0\u00bb border_color_all_input=\u00a0\u00bb#e6e6e6&Prime; border_radii_submit_button=\u00a0\u00bbon|4px|4px|4px|4px\u00a0\u00bb border_width_all_submit_button=\u00a0\u00bb0px\u00a0\u00bb global_colors_info=\u00a0\u00bb{%22gcid-fa933297-2480-45c9-9a94-bf2dde3e1f7f%22:%91%22submit_bg_color%22%93}\u00a0\u00bb][\/dipl_gravity_form_styler][\/et_pb_column][\/et_pb_row][\/et_pb_section]<\/p>\n","protected":false},"excerpt":{"rendered":"<p>Niv\u00e5score Description Le Niv\u00e5score n&rsquo;est pas un questionnaire de plus &#8211; c&rsquo;est votre point de d\u00e9part pour construire une entreprise plus forte, plus intelligente et plus prosp\u00e8re. \u00c0 l&rsquo;aide d&rsquo;une s\u00e9rie de questions soigneusement con\u00e7ues, nous examinerons de plus pr\u00e8s les domaines cl\u00e9s qui stimulent votre croissance &#8211; les op\u00e9rations, le marketing, les finances, etc. [&hellip;]<\/p>\n","protected":false},"author":1,"featured_media":0,"parent":0,"menu_order":12,"comment_status":"closed","ping_status":"closed","template":"","meta":{"_acf_changed":false,"_et_pb_use_builder":"on","_et_pb_old_content":"","_et_gb_content_width":"","footnotes":""},"class_list":["post-8967","page","type-page","status-publish","hentry"],"acf":[],"_links":{"self":[{"href":"https:\/\/niva10.com\/fr\/wp-json\/wp\/v2\/pages\/8967","targetHints":{"allow":["GET"]}}],"collection":[{"href":"https:\/\/niva10.com\/fr\/wp-json\/wp\/v2\/pages"}],"about":[{"href":"https:\/\/niva10.com\/fr\/wp-json\/wp\/v2\/types\/page"}],"author":[{"embeddable":true,"href":"https:\/\/niva10.com\/fr\/wp-json\/wp\/v2\/users\/1"}],"replies":[{"embeddable":true,"href":"https:\/\/niva10.com\/fr\/wp-json\/wp\/v2\/comments?post=8967"}],"version-history":[{"count":2,"href":"https:\/\/niva10.com\/fr\/wp-json\/wp\/v2\/pages\/8967\/revisions"}],"predecessor-version":[{"id":8971,"href":"https:\/\/niva10.com\/fr\/wp-json\/wp\/v2\/pages\/8967\/revisions\/8971"}],"wp:attachment":[{"href":"https:\/\/niva10.com\/fr\/wp-json\/wp\/v2\/media?parent=8967"}],"curies":[{"name":"wp","href":"https:\/\/api.w.org\/{rel}","templated":true}]}}