{"id":9023,"date":"2023-04-22T11:15:09","date_gmt":"2023-04-22T16:15:09","guid":{"rendered":"https:\/\/niva10.com\/etudes-de-cas\/first-nordique-spa-nature-en-plein-air-au-manitoba\/"},"modified":"2025-12-05T14:18:03","modified_gmt":"2025-12-05T20:18:03","slug":"first-nordique-spa-nature-en-plein-air-au-manitoba","status":"publish","type":"page","link":"https:\/\/niva10.com\/fr\/etudes-de-cas\/first-nordique-spa-nature-en-plein-air-au-manitoba\/","title":{"rendered":"First Nordique &#8211; Spa nature en plein air au Manitoba"},"content":{"rendered":"<p>[et_pb_section fb_built=\u00a0\u00bb1&Prime; _builder_version=\u00a0\u00bb4.20.4&Prime; _module_preset=\u00a0\u00bbdefault\u00a0\u00bb background_color=\u00a0\u00bbrgba(22,22,22,0.5)\u00a0\u00bb background_image=\u00a0\u00bbhttps:\/\/niva10.com\/wp-content\/uploads\/2023\/04\/4.png\u00a0\u00bb background_blend=\u00a0\u00bboverlay\u00a0\u00bb custom_padding=\u00a0\u00bb120px||120px||true|false\u00a0\u00bb hover_enabled=\u00a0\u00bb0&Prime; global_colors_info=\u00a0\u00bb{}\u00a0\u00bb theme_builder_area=\u00a0\u00bbpost_content\u00a0\u00bb title_text=\u00a0\u00bb4&Prime; sticky_enabled=\u00a0\u00bb0&Prime;][et_pb_row _builder_version=\u00a0\u00bb4.20.4&Prime; _module_preset=\u00a0\u00bbdefault\u00a0\u00bb global_colors_info=\u00a0\u00bb{}\u00a0\u00bb theme_builder_area=\u00a0\u00bbpost_content\u00a0\u00bb][et_pb_column type=\u00a0\u00bb4_4&Prime; _builder_version=\u00a0\u00bb4.20.4&Prime; _module_preset=\u00a0\u00bbdefault\u00a0\u00bb global_colors_info=\u00a0\u00bb{}\u00a0\u00bb theme_builder_area=\u00a0\u00bbpost_content\u00a0\u00bb][et_pb_text _builder_version=\u00a0\u00bb4.20.4&Prime; _dynamic_attributes=\u00a0\u00bbcontent\u00a0\u00bb _module_preset=\u00a0\u00bbdefault\u00a0\u00bb header_font=\u00a0\u00bb|800|||||||\u00a0\u00bb header_text_align=\u00a0\u00bbcenter\u00a0\u00bb header_text_color=\u00a0\u00bb#FFFFFF\u00a0\u00bb header_font_size=\u00a0\u00bb80px\u00a0\u00bb header_line_height=\u00a0\u00bb0.9em\u00a0\u00bb custom_margin=\u00a0\u00bb||||false|false\u00a0\u00bb custom_padding=\u00a0\u00bb||||false|false\u00a0\u00bb global_colors_info=\u00a0\u00bb{}\u00a0\u00bb theme_builder_area=\u00a0\u00bbpost_content\u00a0\u00bb]@ET-DC@eyJkeW5hbWljIjp0cnVlLCJjb250ZW50IjoicG9zdF90aXRsZSIsInNldHRpbmdzIjp7ImJlZm9yZSI6IjxoMT4iLCJhZnRlciI6IjwvaDE+IiwiZW5hYmxlX2h0bWwiOiJvZmYifX0=@[\/et_pb_text][\/et_pb_column][\/et_pb_row][\/et_pb_section][et_pb_section fb_built=\u00a0\u00bb1&Prime; _builder_version=\u00a0\u00bb4.20.4&Prime; _module_preset=\u00a0\u00bbdefault\u00a0\u00bb global_colors_info=\u00a0\u00bb{}\u00a0\u00bb theme_builder_area=\u00a0\u00bbpost_content\u00a0\u00bb][et_pb_row _builder_version=\u00a0\u00bb4.20.4&Prime; _module_preset=\u00a0\u00bbdefault\u00a0\u00bb global_colors_info=\u00a0\u00bb{}\u00a0\u00bb theme_builder_area=\u00a0\u00bbpost_content\u00a0\u00bb][et_pb_column type=\u00a0\u00bb4_4&Prime; _builder_version=\u00a0\u00bb4.20.4&Prime; _module_preset=\u00a0\u00bbdefault\u00a0\u00bb global_colors_info=\u00a0\u00bb{}\u00a0\u00bb theme_builder_area=\u00a0\u00bbpost_content\u00a0\u00bb][et_pb_text _builder_version=\u00a0\u00bb4.20.4&Prime; _module_preset=\u00a0\u00bbdefault\u00a0\u00bb hover_enabled=\u00a0\u00bb0&Prime; global_colors_info=\u00a0\u00bb{}\u00a0\u00bb theme_builder_area=\u00a0\u00bbpost_content\u00a0\u00bb ul_item_indent=\u00a0\u00bb40px\u00a0\u00bb sticky_enabled=\u00a0\u00bb0&Prime;]<\/p>\n<h4><strong>\u00c9TUDE DE CAS : First Nordique &#8211; Spa de plein air au Manitoba<\/strong><\/h4>\n<p>&nbsp;<\/p>\n<p>Co\u00fbt total du projet 11 000 000<\/p>\n<p>Initiation :<\/p>\n<ul>\n<li>\u00c9valuation de l&rsquo;int\u00e9r\u00eat\/de la viabilit\u00e9 du projet<\/li>\n<li>Contacter les propri\u00e9taires pour \u00e9tablir le cadre de la franchise<\/li>\n<li>Cr\u00e9ation d&rsquo;une matrice des membres de l&rsquo;\u00e9quipe<\/li>\n<li>Contacter les entit\u00e9s locales de promotion et d&rsquo;affaires pour \u00e9tablir le niveau d&rsquo;int\u00e9r\u00eat.<\/li>\n<li>Visite de familiarisation avec Le Nordik et d&rsquo;autres projets similaires<\/li>\n<li>Participation aux conf\u00e9rences de l&rsquo;ASP<\/li>\n<\/ul>\n<p>Cadre du projet :<\/p>\n<ul>\n<li>\u00c9tablir la liste des consultants requis et engag\u00e9s<\/li>\n<li>Lancement de la recherche d&rsquo;un site appropri\u00e9 pour le projet<\/li>\n<li>Cr\u00e9ation d&rsquo;un plan d&rsquo;entreprise<\/li>\n<li>Obtenir une subvention pour une \u00e9tude de faisabilit\u00e9<\/li>\n<li>Lancement de la recherche initiale de partenaires financiers<\/li>\n<li>Engagement des promoteurs locaux et des agences de promotion<\/li>\n<li>Organisation de plusieurs consultations publiques<\/li>\n<li>Contacter la ville de Winnipeg, les services de golf, le zonage, etc.<\/li>\n<\/ul>\n<p>D\u00e9veloppement de projets :<\/p>\n<ul>\n<li>Site du projet<\/li>\n<li>Engagement des propri\u00e9taires de sites dans l&rsquo;\u00e9laboration d&rsquo;un cadre d&rsquo;accord<\/li>\n<li>Coordination des n\u00e9gociations de bail avec la ville de Winnipeg<\/li>\n<li>Lancement de l&rsquo;avant-projet sommaire et de la budg\u00e9tisation<\/li>\n<li>Mise en place de m\u00e9canismes et de contr\u00f4les en mati\u00e8re de qualit\u00e9, de co\u00fbts et de d\u00e9lais<\/li>\n<\/ul>\n<p>Ex\u00e9cution du projet<\/p>\n<ul>\n<li>Besoins en personnel confirm\u00e9s<\/li>\n<li>Prestataires et fournisseurs locaux confirm\u00e9s<\/li>\n<li>Examen des dessins de conception et de travail<\/li>\n<li>Examen des soumissions<\/li>\n<li>Attribution v\u00e9rifi\u00e9e du contrat de construction<\/li>\n<li>Participation aux r\u00e9unions de construction du site<\/li>\n<li>Repr\u00e9sentation du propri\u00e9taire \u00e0 Winnipeg<\/li>\n<li>Collaboration \u00e9troite avec Le Nordik Qu\u00e9bec pour coordonner les promotions et le marketing.<\/li>\n<\/ul>\n<p>[\/et_pb_text][\/et_pb_column][\/et_pb_row][\/et_pb_section][et_pb_section fb_built=\u00a0\u00bb1&Prime; _builder_version=\u00a0\u00bb4.20.4&Prime; _module_preset=\u00a0\u00bbdefault\u00a0\u00bb custom_padding=\u00a0\u00bb0px||0px||false|false\u00a0\u00bb locked=\u00a0\u00bboff\u00a0\u00bb global_colors_info=\u00a0\u00bb{}\u00a0\u00bb theme_builder_area=\u00a0\u00bbpost_content\u00a0\u00bb][et_pb_row make_equal=\u00a0\u00bbon\u00a0\u00bb _builder_version=\u00a0\u00bb4.20.4&Prime; _module_preset=\u00a0\u00bbdefault\u00a0\u00bb width=\u00a0\u00bb100%\u00a0\u00bb max_width=\u00a0\u00bb100%\u00a0\u00bb custom_padding=\u00a0\u00bb0px||0px||false|false\u00a0\u00bb locked=\u00a0\u00bboff\u00a0\u00bb global_colors_info=\u00a0\u00bb{}\u00a0\u00bb theme_builder_area=\u00a0\u00bbpost_content\u00a0\u00bb][et_pb_column type=\u00a0\u00bb4_4&Prime; _builder_version=\u00a0\u00bb4.20.4&Prime; _module_preset=\u00a0\u00bbdefault\u00a0\u00bb custom_css_main_element=\u00a0\u00bbdisplay:flex;||flex-direction:row;||flex-wrap:wrap;\u00a0\u00bb global_colors_info=\u00a0\u00bb{}\u00a0\u00bb theme_builder_area=\u00a0\u00bbpost_content\u00a0\u00bb][dipl_flipbox layout1_shake_effect=\u00a0\u00bbon\u00a0\u00bb back_title=\u00a0\u00bbSciMar\u00a0\u00bb front_image=\u00a0\u00bbhttps:\/\/niva10.com\/wp-content\/uploads\/2023\/04\/scimar_logo_white.png\u00a0\u00bb front_background_color=\u00a0\u00bbrgba(10,0,0,0.25)\u00a0\u00bb back_background_color=\u00a0\u00bbrgba(10,0,0,0.5)\u00a0\u00bb content_max_width_last_edited=\u00a0\u00bboff|desktop\u00a0\u00bb flipbox_min_height=\u00a0\u00bb450px\u00a0\u00bb flipbox_min_height_tablet=\u00a0\u00bb350px\u00a0\u00bb flipbox_min_height_phone=\u00a0\u00bb200px\u00a0\u00bb flipbox_min_height_last_edited=\u00a0\u00bbon|phone\u00a0\u00bb front_background_image=\u00a0\u00bbhttps:\/\/niva10.com\/wp-content\/uploads\/2023\/04\/analysis-2030266_1920.jpg\u00a0\u00bb front_background_blend=\u00a0\u00bboverlay\u00a0\u00bb back_background_image=\u00a0\u00bbhttps:\/\/niva10.com\/wp-content\/uploads\/2023\/04\/analysis-2030266_1920.jpg\u00a0\u00bb back_background_blend=\u00a0\u00bboverlay\u00a0\u00bb _builder_version=\u00a0\u00bb4.20.4&Prime; _module_preset=\u00a0\u00bbdefault\u00a0\u00bb back_general_settings_text_align=\u00a0\u00bbcenter\u00a0\u00bb back_header_text_color=\u00a0\u00bb#FFFFFF\u00a0\u00bb custom_margin=\u00a0\u00bb0px||0px||false|false\u00a0\u00bb custom_padding=\u00a0\u00bb||||false|false\u00a0\u00bb custom_css_main_element=\u00a0\u00bbflex-basis:25%;\u00a0\u00bb global_colors_info=\u00a0\u00bb{}\u00a0\u00bb custom_css_main_element_last_edited=\u00a0\u00bbon|phone\u00a0\u00bb custom_css_main_element_tablet=\u00a0\u00bbflex-basis:50%;\u00a0\u00bb custom_css_main_element_phone=\u00a0\u00bbflex-basis:100%;\u00a0\u00bb theme_builder_area=\u00a0\u00bbpost_content\u00a0\u00bb]<\/p>\n<div class=\"learn-more-button\"><a href=\"https:\/\/niva10.com\/case-studies\/scimar\/\" target=\"_blank\" rel=\"noopener\">En savoir plus<\/a><\/div>\n<p>[\/dipl_flipbox][dipl_flipbox layout1_shake_effect=\u00a0\u00bbon\u00a0\u00bb back_title=\u00a0\u00bbCinDen Nutritionals\u00a0\u00bb front_image=\u00a0\u00bbhttps:\/\/niva10.com\/wp-content\/uploads\/2023\/04\/circle_logo.png\u00a0\u00bb front_background_color=\u00a0\u00bbrgba(10,0,0,0.24)\u00a0\u00bb back_background_color=\u00a0\u00bbrgba(10,0,0,0.5)\u00a0\u00bb content_max_width_last_edited=\u00a0\u00bboff|desktop\u00a0\u00bb flipbox_min_height=\u00a0\u00bb450px\u00a0\u00bb flipbox_min_height_tablet=\u00a0\u00bb350px\u00a0\u00bb flipbox_min_height_phone=\u00a0\u00bb200px\u00a0\u00bb flipbox_min_height_last_edited=\u00a0\u00bbon|phone\u00a0\u00bb front_background_image=\u00a0\u00bbhttps:\/\/niva10.com\/wp-content\/uploads\/2023\/04\/capsule-1079838_640.jpg\u00a0\u00bb front_background_blend=\u00a0\u00bboverlay\u00a0\u00bb back_background_image=\u00a0\u00bbhttps:\/\/niva10.com\/wp-content\/uploads\/2023\/04\/capsule-1079838_640.jpg\u00a0\u00bb back_background_blend=\u00a0\u00bboverlay\u00a0\u00bb _builder_version=\u00a0\u00bb4.20.4&Prime; _module_preset=\u00a0\u00bbdefault\u00a0\u00bb back_general_settings_text_align=\u00a0\u00bbcenter\u00a0\u00bb back_header_text_color=\u00a0\u00bb#FFFFFF\u00a0\u00bb custom_margin=\u00a0\u00bb0px||0px||false|false\u00a0\u00bb custom_css_main_element=\u00a0\u00bbflex-basis:25%;\u00a0\u00bb global_colors_info=\u00a0\u00bb{}\u00a0\u00bb custom_css_main_element_last_edited=\u00a0\u00bbon|phone\u00a0\u00bb custom_css_main_element_tablet=\u00a0\u00bbflex-basis:50%;\u00a0\u00bb custom_css_main_element_phone=\u00a0\u00bbflex-basis:100%;\u00a0\u00bb theme_builder_area=\u00a0\u00bbpost_content\u00a0\u00bb]<\/p>\n<div class=\"learn-more-button\"><a href=\"https:\/\/niva10.com\/fr\/etudes-de-cas\/cinden-nutritionals\/\" target=\"_blank\" rel=\"noopener\">En savoir plus<\/a><\/div>\n<p>[\/dipl_flipbox][dipl_flipbox layout1_shake_effect=\u00a0\u00bbon\u00a0\u00bb front_title=\u00a0\u00bbFirst Nordique\u00a0\u00bb back_title=\u00a0\u00bbFirst Nordique \u2013 Outdoor Nature Spa in Manitoba\u00a0\u00bb front_background_color=\u00a0\u00bbrgba(10,0,0,0.25)\u00a0\u00bb back_background_color=\u00a0\u00bbrgba(10,0,0,0.5)\u00a0\u00bb content_max_width_last_edited=\u00a0\u00bboff|desktop\u00a0\u00bb flipbox_min_height=\u00a0\u00bb450px\u00a0\u00bb flipbox_min_height_tablet=\u00a0\u00bb350px\u00a0\u00bb flipbox_min_height_phone=\u00a0\u00bb200px\u00a0\u00bb flipbox_min_height_last_edited=\u00a0\u00bbon|tablet\u00a0\u00bb front_background_image=\u00a0\u00bbhttps:\/\/niva10.com\/wp-content\/uploads\/2023\/04\/4.png\u00a0\u00bb front_background_blend=\u00a0\u00bboverlay\u00a0\u00bb back_background_image=\u00a0\u00bbhttps:\/\/niva10.com\/wp-content\/uploads\/2023\/04\/4.png\u00a0\u00bb back_background_blend=\u00a0\u00bboverlay\u00a0\u00bb _builder_version=\u00a0\u00bb4.20.4&Prime; _module_preset=\u00a0\u00bbdefault\u00a0\u00bb front_header_level=\u00a0\u00bbh3&Prime; front_header_text_color=\u00a0\u00bb#FFFFFF\u00a0\u00bb front_header_font_size=\u00a0\u00bb26px\u00a0\u00bb back_general_settings_text_align=\u00a0\u00bbcenter\u00a0\u00bb back_header_text_color=\u00a0\u00bb#FFFFFF\u00a0\u00bb custom_margin=\u00a0\u00bb0px||0px||false|false\u00a0\u00bb custom_css_main_element=\u00a0\u00bbflex-basis:25%;\u00a0\u00bb global_colors_info=\u00a0\u00bb{}\u00a0\u00bb custom_css_main_element_last_edited=\u00a0\u00bbon|phone\u00a0\u00bb custom_css_main_element_tablet=\u00a0\u00bbflex-basis:50%;\u00a0\u00bb custom_css_main_element_phone=\u00a0\u00bbflex-basis:100%;\u00a0\u00bb theme_builder_area=\u00a0\u00bbpost_content\u00a0\u00bb]<\/p>\n<div class=\"learn-more-button\"><a href=\"https:\/\/niva10.com\/fr\/etudes-de-cas\/first-nordique-spa-nature-en-plein-air-au-manitoba\/\" target=\"_blank\" rel=\"noopener\">En savoir plus<\/a><\/div>\n<p>[\/dipl_flipbox][dipl_flipbox layout1_shake_effect=\u00a0\u00bbon\u00a0\u00bb back_title=\u00a0\u00bbApprentissage Illimit\u00e9 \u2013 Aha Learning\u00a0\u00bb front_image=\u00a0\u00bbhttps:\/\/niva10.com\/wp-content\/uploads\/2023\/04\/aha_Learning_logo_480x.png\u00a0\u00bb front_background_color=\u00a0\u00bbrgba(10,0,0,0.25)\u00a0\u00bb back_background_color=\u00a0\u00bbrgba(10,0,0,0.5)\u00a0\u00bb content_max_width_last_edited=\u00a0\u00bboff|desktop\u00a0\u00bb flipbox_min_height=\u00a0\u00bb450px\u00a0\u00bb flipbox_min_height_tablet=\u00a0\u00bb350px\u00a0\u00bb flipbox_min_height_phone=\u00a0\u00bb200px\u00a0\u00bb flipbox_min_height_last_edited=\u00a0\u00bbon|tablet\u00a0\u00bb front_background_image=\u00a0\u00bbhttps:\/\/niva10.com\/wp-content\/uploads\/2023\/04\/esplanade-riel-bridge-1366683_640.jpg\u00a0\u00bb front_background_blend=\u00a0\u00bboverlay\u00a0\u00bb back_background_image=\u00a0\u00bbhttps:\/\/niva10.com\/wp-content\/uploads\/2023\/04\/esplanade-riel-bridge-1366683_640.jpg\u00a0\u00bb back_background_blend=\u00a0\u00bboverlay\u00a0\u00bb _builder_version=\u00a0\u00bb4.20.4&Prime; _module_preset=\u00a0\u00bbdefault\u00a0\u00bb back_general_settings_text_align=\u00a0\u00bbcenter\u00a0\u00bb back_header_text_color=\u00a0\u00bb#FFFFFF\u00a0\u00bb custom_margin=\u00a0\u00bb0px||0px||false|false\u00a0\u00bb custom_padding=\u00a0\u00bb||||false|false\u00a0\u00bb custom_css_main_element=\u00a0\u00bbflex-basis:25%;\u00a0\u00bb global_colors_info=\u00a0\u00bb{}\u00a0\u00bb custom_css_main_element_last_edited=\u00a0\u00bbon|phone\u00a0\u00bb custom_css_main_element_tablet=\u00a0\u00bbflex-basis:50%;\u00a0\u00bb custom_css_main_element_phone=\u00a0\u00bbflex-basis:100%;\u00a0\u00bb theme_builder_area=\u00a0\u00bbpost_content\u00a0\u00bb]<\/p>\n<div class=\"learn-more-button\"><a href=\"https:\/\/niva10.com\/fr\/etudes-de-cas\/apprentissage-illimite-aha-learning\/\" target=\"_blank\" rel=\"noopener\">En savoir plus<\/a><\/div>\n<p>[\/dipl_flipbox][\/et_pb_column][\/et_pb_row][\/et_pb_section]<\/p>\n","protected":false},"excerpt":{"rendered":"<p>\u00c9TUDE DE CAS : First Nordique &#8211; Spa de plein air au Manitoba &nbsp; Co\u00fbt total du projet 11 000 000 Initiation : \u00c9valuation de l&rsquo;int\u00e9r\u00eat\/de la viabilit\u00e9 du projet Contacter les propri\u00e9taires pour \u00e9tablir le cadre de la franchise Cr\u00e9ation d&rsquo;une matrice des membres de l&rsquo;\u00e9quipe Contacter les entit\u00e9s locales de promotion et d&rsquo;affaires [&hellip;]<\/p>\n","protected":false},"author":1,"featured_media":0,"parent":8917,"menu_order":7,"comment_status":"closed","ping_status":"closed","template":"","meta":{"_acf_changed":false,"_et_pb_use_builder":"on","_et_pb_old_content":"","_et_gb_content_width":"","footnotes":""},"class_list":["post-9023","page","type-page","status-publish","hentry"],"acf":[],"_links":{"self":[{"href":"https:\/\/niva10.com\/fr\/wp-json\/wp\/v2\/pages\/9023","targetHints":{"allow":["GET"]}}],"collection":[{"href":"https:\/\/niva10.com\/fr\/wp-json\/wp\/v2\/pages"}],"about":[{"href":"https:\/\/niva10.com\/fr\/wp-json\/wp\/v2\/types\/page"}],"author":[{"embeddable":true,"href":"https:\/\/niva10.com\/fr\/wp-json\/wp\/v2\/users\/1"}],"replies":[{"embeddable":true,"href":"https:\/\/niva10.com\/fr\/wp-json\/wp\/v2\/comments?post=9023"}],"version-history":[{"count":4,"href":"https:\/\/niva10.com\/fr\/wp-json\/wp\/v2\/pages\/9023\/revisions"}],"predecessor-version":[{"id":9027,"href":"https:\/\/niva10.com\/fr\/wp-json\/wp\/v2\/pages\/9023\/revisions\/9027"}],"up":[{"embeddable":true,"href":"https:\/\/niva10.com\/fr\/wp-json\/wp\/v2\/pages\/8917"}],"wp:attachment":[{"href":"https:\/\/niva10.com\/fr\/wp-json\/wp\/v2\/media?parent=9023"}],"curies":[{"name":"wp","href":"https:\/\/api.w.org\/{rel}","templated":true}]}}